{"id":1673,"date":"2024-08-19T19:19:58","date_gmt":"2024-08-19T19:19:58","guid":{"rendered":"https:\/\/filatelia.cuentista.es\/product\/sello-uruguay-1933-15-centimos-juan-antonio-lavalleja-carmin-usado"},"modified":"2024-08-20T18:23:28","modified_gmt":"2024-08-20T18:23:28","slug":"sello-uruguay-1933-15-centimos-juan-antonio-lavalleja-carmin-usado","status":"publish","type":"product","link":"https:\/\/filatelia.cuentista.es\/en\/product\/sello-uruguay-1933-15-centimos-juan-antonio-lavalleja-carmin-usado","title":{"rendered":"Sello Uruguay 1933, 15 mil\u00e9simos, Juan Antonio Lavalleja, Carm\u00edn usado"},"content":{"rendered":"<p>Sello Uruguay 1933, 15 mil\u00e9simos, Juan Antonio Lavalleja, Carm\u00edn usado<\/p>\n<p><b><\/b><\/p>\n<p><b>Juan Antonio Lavalleja y de la Torre<\/b><span><span class=\"Apple-converted-space\">&nbsp;<\/span><\/span><span>(<\/span><a href=\"https:\/\/es.m.wikipedia.org\/wiki\/Minas\" title=\"Minas\">Minas<\/a><span>,<\/span><span><span class=\"Apple-converted-space\">&nbsp;<\/span><\/span><a href=\"https:\/\/es.m.wikipedia.org\/wiki\/Virreinato_del_R%C3%ADo_de_la_Plata\" title=\"Virreinato del R\u00edo de la Plata\">Virreinato del R\u00edo de la Plata<\/a><span>, 24 de junio de 1784 \u2013<\/span><span><span class=\"Apple-converted-space\">&nbsp;<\/span><\/span><a href=\"https:\/\/es.m.wikipedia.org\/wiki\/Montevideo\" title=\"Montevideo\">Montevideo<\/a><span>,<\/span><span><span class=\"Apple-converted-space\">&nbsp;<\/span><\/span><a href=\"https:\/\/es.m.wikipedia.org\/wiki\/Uruguay\" title=\"Uruguay\">Uruguay<\/a><span>, 22 de octubre de 1853) fue un<\/span><span><span class=\"Apple-converted-space\">&nbsp;<\/span><\/span><a href=\"https:\/\/es.m.wikipedia.org\/wiki\/Militar\" title=\"Militar\">militar<\/a><span><span class=\"Apple-converted-space\">&nbsp;<\/span><\/span><span>y<\/span><span><span class=\"Apple-converted-space\">&nbsp;<\/span><\/span><a href=\"https:\/\/es.m.wikipedia.org\/wiki\/Pol%C3%ADtico\" title=\"Pol\u00edtico\">pol\u00edtico<\/a><span><span class=\"Apple-converted-space\">&nbsp;<\/span><\/span><a href=\"https:\/\/es.m.wikipedia.org\/wiki\/Uruguay\" title=\"Uruguay\">uruguayo<\/a><span>, jefe de los<\/span><span><span class=\"Apple-converted-space\">&nbsp;<\/span><\/span><a href=\"https:\/\/es.m.wikipedia.org\/wiki\/Treinta_y_Tres_Orientales\" title=\"Treinta y Tres Orientales\">Treinta y Tres Orientales<\/a><span><span class=\"Apple-converted-space\">&nbsp;<\/span><\/span><span>y<\/span><span><span class=\"Apple-converted-space\">&nbsp;<\/span><\/span><a href=\"https:\/\/es.m.wikipedia.org\/wiki\/Presidente_de_Uruguay\" title=\"Presidente de Uruguay\">presidente de Uruguay<\/a><span><span class=\"Apple-converted-space\">&nbsp;<\/span><\/span><span>en el<\/span><span><span class=\"Apple-converted-space\">&nbsp;<\/span><\/span><a href=\"https:\/\/es.m.wikipedia.org\/wiki\/Triunvirato_de_Gobierno_de_1853\" title=\"Triunvirato de Gobierno de 1853\">Triunvirato de Gobierno de 1853<\/a><span>.<\/span><\/p>\n<p>Juan Antonio Lavalleja (1933)<\/p>\n<p>C\u00f3digo de cat\u00e1logo:<\/p>\n<p>Michel UY 479<\/p>\n<p>Stamp Number UY 429<\/p>\n<p>Yvert et Tellier UY 444<\/p>\n<p>Stanley Gibbons UY 689<\/p>\n<p>Ciardi UY 444<\/p>\n<p>Temas:<\/p>\n<p>Estadistas | Generales | Hombres | Jefes de Estado | Oficiales Militares | Personajes Famosos | Pol\u00edticos<\/p>\n<p>Fecha emisi\u00f3n:<\/p>\n<p>1933-07-11<\/p>\n<p>Colores:<\/p>\n<p>Carm\u00edn oscuro<\/p>\n<p>Marca de agua:<\/p>\n<p>Sin Marca de agua<\/p>\n<p>Dise\u00f1adores:<\/p>\n<p>O.Goul\u00fa<\/p>\n<p>Impresores\/Imprentas:<\/p>\n<p>Waterlow &amp; Sons Ltd<\/p>\n<p>Formato:<\/p>\n<p>Sello<\/p>\n<p>Emisi\u00f3n:<\/p>\n<p>Definitivo<\/p>\n<p>Perforaci\u00f3n:<\/p>\n<p>12\u00bd<\/p>\n<p>Impresi\u00f3n:<\/p>\n<p>Rebaje<\/p>\n<p>Papel:<\/p>\n<p>Medium<\/p>\n<p>Valor facial:<\/p>\n<p>15 Mil\u00e9simo Uruguayo<\/p>\n<p>Tiraje:<\/p>\n<p>20.000.000<\/p>","protected":false},"excerpt":{"rendered":"<p>Sello Uruguay 1933, 15 mil\u00e9simos, Juan Antonio Lavalleja, Carm\u00edn usado Juan Antonio Lavalleja y de la Torre&nbsp;(Minas,&nbsp;Virreinato del R\u00edo de la Plata, 24 de junio de 1784 \u2013&nbsp;Montevideo,&nbsp;Uruguay, 22 de octubre de 1853) fue un&nbsp;militar&nbsp;y&nbsp;pol\u00edtico&nbsp;uruguayo, jefe de los&nbsp;Treinta y Tres Orientales&nbsp;y&nbsp;presidente de Uruguay&nbsp;en el&nbsp;Triunvirato de Gobierno de 1853. Juan Antonio Lavalleja (1933) C\u00f3digo de cat\u00e1logo: &hellip;<\/p>\n<p class=\"read-more\"> <a class=\"thunk-readmore button\" href=\"https:\/\/filatelia.cuentista.es\/en\/product\/sello-uruguay-1933-15-centimos-juan-antonio-lavalleja-carmin-usado\"> <span class=\"screen-reader-text\">Sello Uruguay 1933, 15 mil\u00e9simos, Juan Antonio Lavalleja, Carm\u00edn usado<\/span>Read More<\/a><\/p>","protected":false},"featured_media":1672,"comment_status":"open","ping_status":"closed","template":"","meta":{"_acf_changed":false},"product_brand":[],"product_cat":[763,20],"product_tag":[823,825,822,212,824,629],"class_list":{"0":"post-1673","1":"product","2":"type-product","3":"status-publish","4":"has-post-thumbnail","6":"product_cat-uruguay","7":"product_cat-sellos-usados","8":"product_tag-823","9":"product_tag-general","10":"product_tag-lavalleja","11":"product_tag-militar","12":"product_tag-procer","13":"product_tag-uruguay","14":"thunk-woo-product-list","15":"opn-qv-enable","16":"open-woo-hover-zoom","17":"open-single-product-tab-horizontal","18":"open-shadow-","19":"open-shadow-hover-","21":"first","22":"instock","23":"sale","24":"shipping-taxable","25":"purchasable","26":"product-type-simple"},"acf":[],"jetpack_sharing_enabled":true,"_links":{"self":[{"href":"https:\/\/filatelia.cuentista.es\/en\/wp-json\/wp\/v2\/product\/1673","targetHints":{"allow":["GET"]}}],"collection":[{"href":"https:\/\/filatelia.cuentista.es\/en\/wp-json\/wp\/v2\/product"}],"about":[{"href":"https:\/\/filatelia.cuentista.es\/en\/wp-json\/wp\/v2\/types\/product"}],"replies":[{"embeddable":true,"href":"https:\/\/filatelia.cuentista.es\/en\/wp-json\/wp\/v2\/comments?post=1673"}],"wp:featuredmedia":[{"embeddable":true,"href":"https:\/\/filatelia.cuentista.es\/en\/wp-json\/wp\/v2\/media\/1672"}],"wp:attachment":[{"href":"https:\/\/filatelia.cuentista.es\/en\/wp-json\/wp\/v2\/media?parent=1673"}],"wp:term":[{"taxonomy":"product_brand","embeddable":true,"href":"https:\/\/filatelia.cuentista.es\/en\/wp-json\/wp\/v2\/product_brand?post=1673"},{"taxonomy":"product_cat","embeddable":true,"href":"https:\/\/filatelia.cuentista.es\/en\/wp-json\/wp\/v2\/product_cat?post=1673"},{"taxonomy":"product_tag","embeddable":true,"href":"https:\/\/filatelia.cuentista.es\/en\/wp-json\/wp\/v2\/product_tag?post=1673"}],"curies":[{"name":"wp","href":"https:\/\/api.w.org\/{rel}","templated":true}]}}