{"id":1659,"date":"2024-08-19T17:01:28","date_gmt":"2024-08-19T17:01:28","guid":{"rendered":"https:\/\/filatelia.cuentista.es\/?post_type=product&#038;p=1659"},"modified":"2024-08-19T17:03:32","modified_gmt":"2024-08-19T17:03:32","slug":"sello-uruguay-correo-aereo-1947-14-cts-2-2-2-2-2","status":"publish","type":"product","link":"https:\/\/filatelia.cuentista.es\/en\/product\/sello-uruguay-correo-aereo-1947-14-cts-2-2-2-2-2","title":{"rendered":"Sello Uruguay &#8211; Correo A\u00e9reo 1952 &#8211; Douglas DC4 &#8211; 15 cts &#8211; Marr\u00f3n &#8211; Nuevo"},"content":{"rendered":"<p>Sello Uruguay &#8211; Correo A\u00e9reo 1952 &#8211; Douglas DC4 &#8211; 15 cts &#8211; Marr\u00f3n &#8211; Nuevo<\/p>\n<p><span>El&nbsp;Douglas DC-4&nbsp;es un avi\u00f3n de transporte comercial multimotor de gran autonom\u00eda desarrollado por la constructora aeron\u00e1utica&nbsp;estadounidense&nbsp;Douglas Aircraft Company. Durante la&nbsp;Segunda Guerra Mundial&nbsp;fue utilizado como avi\u00f3n militar, realizando posteriormente labores civiles.<\/span><\/p>\n<p><span>C\u00f3digo de cat\u00e1logo:<\/span><\/p>\n<p><span>Mi:UY 710A, Sn:UY C147, Yt:UY PA125, Sg:UY 952, Cia:UY A125<\/span><\/p>\n<p><span>Variantes:<\/span><\/p>\n<p><span>Click para ver variantes<\/span><\/p>\n<p><span><\/span><\/p>\n<p><span>Tiene variantes menores: 6<\/span><\/p>\n<p><span>Temas:<\/span><\/p>\n<p><span>Aviaci\u00f3n | Aviones<\/span><\/p>\n<p><span>Fecha emisi\u00f3n:<\/span><\/p>\n<p><span>1952-08-26<\/span><\/p>\n<p><span>Tama\u00f1o:<\/span><\/p>\n<p><span>32 x 26 mm<\/span><\/p>\n<p><span>Colores:<\/span><\/p>\n<p><span>Naranja Marr\u00f3n<\/span><\/p>\n<p><span>Marca de agua:<\/span><\/p>\n<p><span>Sin Marca de agua<\/span><\/p>\n<p><span>Impresores\/Imprentas:<\/span><\/p>\n<p><span>Imprenta Nacional, Montevideo<\/span><\/p>\n<p><span>Formato:<\/span><\/p>\n<p><span>Sello<\/span><\/p>\n<p><span>Emisi\u00f3n:<\/span><\/p>\n<p><span>Correo A\u00e9reo<\/span><\/p>\n<p><span>Perforaci\u00f3n:<\/span><\/p>\n<p><span>12\u00bd<\/span><\/p>\n<p><span>Impresi\u00f3n:<\/span><\/p>\n<p><span>Litograf\u00eda<\/span><\/p>\n<p><span>Papel:<\/span><\/p>\n<p><span>medium or fine<\/span><\/p>\n<p><span>Valor facial:<\/span><\/p>\n<p><span>15 Cent\u00e9simo Uruguayo<\/span><\/p>\n<p><span>Tiraje:<\/span><\/p>\n<p><span>2.000.000<\/span><\/p>","protected":false},"excerpt":{"rendered":"<p>Sello Uruguay &#8211; Correo A\u00e9reo 1952 &#8211; Douglas DC4 &#8211; 15 cts &#8211; Marr\u00f3n &#8211; Nuevo El&nbsp;Douglas DC-4&nbsp;es un avi\u00f3n de transporte comercial multimotor de gran autonom\u00eda desarrollado por la constructora aeron\u00e1utica&nbsp;estadounidense&nbsp;Douglas Aircraft Company. Durante la&nbsp;Segunda Guerra Mundial&nbsp;fue utilizado como avi\u00f3n militar, realizando posteriormente labores civiles. C\u00f3digo de cat\u00e1logo: Mi:UY 710A, Sn:UY C147, Yt:UY PA125, &hellip;<\/p>\n<p class=\"read-more\"> <a class=\"thunk-readmore button\" href=\"https:\/\/filatelia.cuentista.es\/en\/product\/sello-uruguay-correo-aereo-1947-14-cts-2-2-2-2-2\"> <span class=\"screen-reader-text\">Sello Uruguay &#8211; Correo A\u00e9reo 1952 &#8211; Douglas DC4 &#8211; 15 cts &#8211; Marr\u00f3n &#8211; Nuevo<\/span>Read More<\/a><\/p>","protected":false},"featured_media":1661,"comment_status":"open","ping_status":"closed","template":"","meta":{"_acf_changed":false},"product_brand":[],"product_cat":[815,763,20],"product_tag":[819,541,517,818,817,629],"class_list":{"0":"post-1659","1":"product","2":"type-product","3":"status-publish","4":"has-post-thumbnail","6":"product_cat-correo-aereo","7":"product_cat-uruguay","8":"product_cat-sellos-usados","9":"product_tag-819","10":"product_tag-aereo","11":"product_tag-avion","12":"product_tag-dc4","13":"product_tag-douglas","14":"product_tag-uruguay","15":"thunk-woo-product-list","16":"opn-qv-enable","17":"open-woo-hover-zoom","18":"open-single-product-tab-horizontal","19":"open-shadow-","20":"open-shadow-hover-","22":"first","23":"instock","24":"sale","25":"shipping-taxable","26":"purchasable","27":"product-type-simple"},"acf":[],"jetpack_sharing_enabled":true,"_links":{"self":[{"href":"https:\/\/filatelia.cuentista.es\/en\/wp-json\/wp\/v2\/product\/1659","targetHints":{"allow":["GET"]}}],"collection":[{"href":"https:\/\/filatelia.cuentista.es\/en\/wp-json\/wp\/v2\/product"}],"about":[{"href":"https:\/\/filatelia.cuentista.es\/en\/wp-json\/wp\/v2\/types\/product"}],"replies":[{"embeddable":true,"href":"https:\/\/filatelia.cuentista.es\/en\/wp-json\/wp\/v2\/comments?post=1659"}],"wp:featuredmedia":[{"embeddable":true,"href":"https:\/\/filatelia.cuentista.es\/en\/wp-json\/wp\/v2\/media\/1661"}],"wp:attachment":[{"href":"https:\/\/filatelia.cuentista.es\/en\/wp-json\/wp\/v2\/media?parent=1659"}],"wp:term":[{"taxonomy":"product_brand","embeddable":true,"href":"https:\/\/filatelia.cuentista.es\/en\/wp-json\/wp\/v2\/product_brand?post=1659"},{"taxonomy":"product_cat","embeddable":true,"href":"https:\/\/filatelia.cuentista.es\/en\/wp-json\/wp\/v2\/product_cat?post=1659"},{"taxonomy":"product_tag","embeddable":true,"href":"https:\/\/filatelia.cuentista.es\/en\/wp-json\/wp\/v2\/product_tag?post=1659"}],"curies":[{"name":"wp","href":"https:\/\/api.w.org\/{rel}","templated":true}]}}