{"id":1642,"date":"2024-08-18T16:22:11","date_gmt":"2024-08-18T16:22:11","guid":{"rendered":"https:\/\/filatelia.cuentista.es\/product\/sello-uruguay-1895-el-gaucho-1c-usado"},"modified":"2024-08-18T16:22:11","modified_gmt":"2024-08-18T16:22:11","slug":"sello-uruguay-1895-el-gaucho-1c-usado","status":"publish","type":"product","link":"https:\/\/filatelia.cuentista.es\/en\/product\/sello-uruguay-1895-el-gaucho-1c-usado","title":{"rendered":"Sello Uruguay 1895 &#8211; El Gaucho &#8211; 1c usado"},"content":{"rendered":"<p>Sello Uruguay 1895 &#8211; El Gaucho &#8211; 1c usado<\/p>\n<p><b>Gaucho<\/b><sup id=\"cite_ref-gaucho_1-0\" class=\"reference separada\"><a href=\"https:\/\/es.m.wikipedia.org\/wiki\/Gaucho#cite_note-gaucho-1\" style=\"color: var(--color-visited,#6b4ba1);text-decoration: none;background: none\"><span class=\"corchete-llamada\">[<\/span>nota 1<span class=\"corchete-llamada\">]<\/span><\/a><\/sup><span>es la denominaci\u00f3n utilizada para nombrar al habitante caracter\u00edstico de las llanuras y zonas adyacentes<\/span><sup id=\"cite_ref-2\" class=\"reference separada\"><a href=\"https:\/\/es.m.wikipedia.org\/wiki\/Gaucho#cite_note-2\" style=\"color: var(--color-visited,#6b4ba1);text-decoration: none;background: none\"><span class=\"corchete-llamada\">[<\/span>nota 2<span class=\"corchete-llamada\">]<\/span><\/a><\/sup><span>de<\/span><span><span class=\"Apple-converted-space\">&nbsp;<\/span><\/span><a href=\"https:\/\/es.m.wikipedia.org\/wiki\/Argentina\" title=\"Argentina\">Argentina<\/a><span>,<\/span><span><span class=\"Apple-converted-space\">&nbsp;<\/span><\/span><a href=\"https:\/\/es.m.wikipedia.org\/wiki\/Uruguay\" title=\"Uruguay\">Uruguay<\/a><span>,<\/span><span><span class=\"Apple-converted-space\">&nbsp;<\/span><\/span><a href=\"https:\/\/es.m.wikipedia.org\/wiki\/Paraguay\" title=\"Paraguay\">Paraguay<\/a><span>,<\/span><span><span class=\"Apple-converted-space\">&nbsp;<\/span><\/span><a href=\"https:\/\/es.m.wikipedia.org\/wiki\/Brasil\" title=\"Brasil\">Brasil<\/a><span><span class=\"Apple-converted-space\">&nbsp;<\/span><\/span><span>(<\/span><a href=\"https:\/\/es.m.wikipedia.org\/wiki\/R%C3%ADo_Grande_del_Sur\" title=\"R\u00edo Grande del Sur\">R\u00edo Grande del Sur<\/a><span>), tambi\u00e9n por la<\/span><span><span class=\"Apple-converted-space\">&nbsp;<\/span><\/span><a href=\"https:\/\/es.m.wikipedia.org\/wiki\/Zona_austral_de_Chile\" title=\"Zona austral de Chile\">zona austral de Chile<\/a><span><span class=\"Apple-converted-space\">&nbsp;<\/span><\/span><span>(<\/span><a href=\"https:\/\/es.m.wikipedia.org\/wiki\/Provincia_de_Palena\" title=\"Provincia de Palena\">Regi\u00f3n de Los Lagos<\/a><span>,<\/span><span><span class=\"Apple-converted-space\">&nbsp;<\/span><\/span><a href=\"https:\/\/es.m.wikipedia.org\/wiki\/Regi%C3%B3n_de_Ays%C3%A9n\" class=\"mw-redirect\" title=\"Regi\u00f3n de Ays\u00e9n\">Regi\u00f3n de Ays\u00e9n<\/a><span><span class=\"Apple-converted-space\">&nbsp;<\/span><\/span><span>y<\/span><span><span class=\"Apple-converted-space\">&nbsp;<\/span><\/span><a href=\"https:\/\/es.m.wikipedia.org\/wiki\/Regi%C3%B3n_de_Magallanes\" class=\"mw-redirect\" title=\"Regi\u00f3n de Magallanes\">Regi\u00f3n de Magallanes<\/a><span>), en la regi\u00f3n al sur de<\/span><span><span class=\"Apple-converted-space\">&nbsp;<\/span><\/span><a href=\"https:\/\/es.m.wikipedia.org\/wiki\/Bolivia\" title=\"Bolivia\">Bolivia<\/a><span><span class=\"Apple-converted-space\">&nbsp;<\/span><\/span><span>en todo el departamento de<\/span><span><span class=\"Apple-converted-space\">&nbsp;<\/span><\/span><a href=\"https:\/\/es.m.wikipedia.org\/wiki\/Departamento_de_Tarija\" title=\"Departamento de Tarija\">Tarija<\/a><sup id=\"cite_ref-3\" class=\"reference separada\"><a href=\"https:\/\/es.m.wikipedia.org\/wiki\/Gaucho#cite_note-3\" style=\"color: var(--color-visited,#6b4ba1);text-decoration: none;background: none\"><span class=\"corchete-llamada\">[<\/span>1<span class=\"corchete-llamada\">]<\/span><\/a><\/sup><span>y el<\/span><span><span class=\"Apple-converted-space\">&nbsp;<\/span><\/span><a href=\"https:\/\/es.m.wikipedia.org\/wiki\/Gran_Chaco\" title=\"Gran Chaco\">Chaco<\/a><span><span class=\"Apple-converted-space\">&nbsp;<\/span><\/span><a href=\"https:\/\/es.m.wikipedia.org\/wiki\/Departamento_de_Chuquisaca\" title=\"Departamento de Chuquisaca\">chuquisaque\u00f1o<\/a><span>, en el curso del siglo&nbsp;<\/span><small style=\"font-family: -apple-system, BlinkMacSystemFont,\">XVII<\/small><span><span class=\"Apple-converted-space\">&nbsp;<\/span><\/span><span>hasta mediados del siglo&nbsp;<\/span><span>xix<\/span><span>. Se identificaba por su condici\u00f3n de h\u00e1bil<\/span><span><span class=\"Apple-converted-space\">&nbsp;<\/span><\/span><a href=\"https:\/\/es.m.wikipedia.org\/wiki\/Jinete\" title=\"Jinete\">jinete<\/a><span><span class=\"Apple-converted-space\">&nbsp;<\/span><\/span><span>y por su v\u00ednculo con la proliferaci\u00f3n de<\/span><span><span class=\"Apple-converted-space\">&nbsp;<\/span><\/span><a href=\"https:\/\/es.m.wikipedia.org\/wiki\/Bos_taurus\" title=\"Bos taurus\">vacunos<\/a><span>en la regi\u00f3n; adem\u00e1s, por las actividades econ\u00f3micas y culturales derivadas de ella, en especial la del consumo de<\/span><span><span class=\"Apple-converted-space\">&nbsp;<\/span><\/span><a href=\"https:\/\/es.m.wikipedia.org\/wiki\/Carne#Carnes_de_vacuno\" title=\"Carne\">carne<\/a><span><span class=\"Apple-converted-space\">&nbsp;<\/span><\/span><span>y la utilizaci\u00f3n del<\/span><span><span class=\"Apple-converted-space\">&nbsp;<\/span><\/span><a href=\"https:\/\/es.m.wikipedia.org\/wiki\/Cuero\" title=\"Cuero\">cuero<\/a><span>.<\/span><\/p>\n<p>Cat\u00e1logo de sellos : Sello \u203a El Gaucho<\/p>\n<p>Pa\u00eds:<\/p>\n<p>Uruguay<\/p>\n<p>Serie:<\/p>\n<p>Definitives 1895<\/p>\n<p>C\u00f3digo de cat\u00e1logo:<\/p>\n<p>Michel UY 100<\/p>\n<p>Stamp Number UY 108<\/p>\n<p>Yvert et Tellier UY 103<\/p>\n<p>Stanley Gibbons UY 153<\/p>\n<p>Ciardi UY 103<\/p>\n<p>Temas:<\/p>\n<p>Personas<\/p>\n<p>Fecha emisi\u00f3n:<\/p>\n<p>1895-10-05<\/p>\n<p>Fecha de caducidad:<\/p>\n<p>1897-09-20<\/p>\n<p>Tama\u00f1o:<\/p>\n<p>21 x 26 mm<\/p>\n<p>Colores:<\/p>\n<p>Pardo Oliva<\/p>\n<p>Marca de agua:<\/p>\n<p>Sin Marca de agua<\/p>\n<p>Impresores\/Imprentas:<\/p>\n<p>Waterlow &amp; Sons Ltd<\/p>\n<p>Formato:<\/p>\n<p>Sello<\/p>\n<p>Emisi\u00f3n:<\/p>\n<p>Definitivo<\/p>\n<p>Perforaci\u00f3n:<\/p>\n<p>Varios<\/p>\n<p>Impresi\u00f3n:<\/p>\n<p>Rebaje<\/p>\n<p>Papel:<\/p>\n<p>Medium<\/p>\n<p>Valor facial:<\/p>\n<p>1 Cent\u00e9simo Uruguayo<\/p>\n<p>Puntuaci\u00f3n:<\/p>\n<p>20% Precisi\u00f3n: Alta<\/p>\n<p>Descripci\u00f3n:<\/p>\n<p>Perforated 14, 15,5 or 15.<\/p>\n<p>(MI claims 12-15 and compound, YT says 15)<\/p>\n","protected":false},"excerpt":{"rendered":"<p>Sello Uruguay 1895 &#8211; El Gaucho &#8211; 1c usado Gaucho[nota 1]es la denominaci\u00f3n utilizada para nombrar al habitante caracter\u00edstico de las llanuras y zonas adyacentes[nota 2]de&nbsp;Argentina,&nbsp;Uruguay,&nbsp;Paraguay,&nbsp;Brasil&nbsp;(R\u00edo Grande del Sur), tambi\u00e9n por la&nbsp;zona austral de Chile&nbsp;(Regi\u00f3n de Los Lagos,&nbsp;Regi\u00f3n de Ays\u00e9n&nbsp;y&nbsp;Regi\u00f3n de Magallanes), en la regi\u00f3n al sur de&nbsp;Bolivia&nbsp;en todo el departamento de&nbsp;Tarija[1]y el&nbsp;Chaco&nbsp;chuquisaque\u00f1o, en el &hellip;<\/p>\n<p class=\"read-more\"> <a class=\" thunk-readmore button \" href=\"https:\/\/filatelia.cuentista.es\/en\/product\/sello-uruguay-1895-el-gaucho-1c-usado\"> <span class=\"screen-reader-text\">Sello Uruguay 1895 &#8211; El Gaucho &#8211; 1c usado<\/span>Read More<\/a><\/p>\n","protected":false},"featured_media":1641,"comment_status":"open","ping_status":"closed","template":"","meta":{"_acf_changed":false},"product_brand":[],"product_cat":[763,20],"product_tag":[809,800,808,629],"class_list":{"0":"post-1642","1":"product","2":"type-product","3":"status-publish","4":"has-post-thumbnail","6":"product_cat-uruguay","7":"product_cat-sellos-usados","8":"product_tag-809","9":"product_tag-clasico","10":"product_tag-gaucho","11":"product_tag-uruguay","12":"thunk-woo-product-list","13":"opn-qv-enable","14":"open-woo-hover-zoom","15":"open-single-product-tab-horizontal","16":"open-shadow-","17":"open-shadow-hover-","19":"first","20":"instock","21":"sale","22":"shipping-taxable","23":"purchasable","24":"product-type-simple"},"acf":[],"jetpack_sharing_enabled":true,"_links":{"self":[{"href":"https:\/\/filatelia.cuentista.es\/en\/wp-json\/wp\/v2\/product\/1642","targetHints":{"allow":["GET"]}}],"collection":[{"href":"https:\/\/filatelia.cuentista.es\/en\/wp-json\/wp\/v2\/product"}],"about":[{"href":"https:\/\/filatelia.cuentista.es\/en\/wp-json\/wp\/v2\/types\/product"}],"replies":[{"embeddable":true,"href":"https:\/\/filatelia.cuentista.es\/en\/wp-json\/wp\/v2\/comments?post=1642"}],"wp:featuredmedia":[{"embeddable":true,"href":"https:\/\/filatelia.cuentista.es\/en\/wp-json\/wp\/v2\/media\/1641"}],"wp:attachment":[{"href":"https:\/\/filatelia.cuentista.es\/en\/wp-json\/wp\/v2\/media?parent=1642"}],"wp:term":[{"taxonomy":"product_brand","embeddable":true,"href":"https:\/\/filatelia.cuentista.es\/en\/wp-json\/wp\/v2\/product_brand?post=1642"},{"taxonomy":"product_cat","embeddable":true,"href":"https:\/\/filatelia.cuentista.es\/en\/wp-json\/wp\/v2\/product_cat?post=1642"},{"taxonomy":"product_tag","embeddable":true,"href":"https:\/\/filatelia.cuentista.es\/en\/wp-json\/wp\/v2\/product_tag?post=1642"}],"curies":[{"name":"wp","href":"https:\/\/api.w.org\/{rel}","templated":true}]}}