{"id":1637,"date":"2024-08-18T15:51:09","date_gmt":"2024-08-18T15:51:09","guid":{"rendered":"https:\/\/filatelia.cuentista.es\/product\/sello-peru-manuel-pardo-5-centavos-azul-y-negro-1918-usado"},"modified":"2024-08-18T15:51:09","modified_gmt":"2024-08-18T15:51:09","slug":"sello-peru-manuel-pardo-5-centavos-azul-y-negro-1918-usado","status":"publish","type":"product","link":"https:\/\/filatelia.cuentista.es\/en\/product\/sello-peru-manuel-pardo-5-centavos-azul-y-negro-1918-usado","title":{"rendered":"Sello Peru Manuel Pardo &#8211; 5 centavos Azul y negro 1918 &#8211; Usado"},"content":{"rendered":"<p>Sello Peru Manuel Pardo &#8211; 5 centavos Azul y negro 1918 &#8211; Usado<\/p>\n<p><b>Manuel Justo Pardo y Lavalle<\/b><span><span class=\"Apple-converted-space\">&nbsp;<\/span><\/span><span>(<\/span><a href=\"https:\/\/es.m.wikipedia.org\/wiki\/Lima\" title=\"Lima\">Lima<\/a><span>, 9 de agosto de 1834-<\/span><a href=\"https:\/\/es.m.wikipedia.org\/wiki\/Ib%C3%ADdem\" class=\"mw-redirect\" title=\"Ib\u00eddem\">Ib.<\/a><span>, 16 de noviembre de 1878) fue un<\/span><span><span class=\"Apple-converted-space\">&nbsp;<\/span><\/span><a href=\"https:\/\/es.m.wikipedia.org\/wiki\/Economista\" title=\"Economista\">economista<\/a><span><span class=\"Apple-converted-space\">&nbsp;<\/span><\/span><span>y<\/span><span><span class=\"Apple-converted-space\">&nbsp;<\/span><\/span><a href=\"https:\/\/es.m.wikipedia.org\/wiki\/Pol%C3%ADtico\" title=\"Pol\u00edtico\">pol\u00edtico<\/a><span><span class=\"Apple-converted-space\">&nbsp;<\/span><\/span><a href=\"https:\/\/es.m.wikipedia.org\/wiki\/Per%C3%BA\" title=\"Per\u00fa\">peruano<\/a><span><span class=\"Apple-converted-space\">&nbsp;<\/span><\/span><span>que ocup\u00f3 la<\/span><span><span class=\"Apple-converted-space\">&nbsp;<\/span><\/span><a href=\"https:\/\/es.m.wikipedia.org\/wiki\/Alcaldes_de_Lima\" class=\"mw-redirect\" title=\"Alcaldes de Lima\">alcald\u00eda<\/a><span><span class=\"Apple-converted-space\">&nbsp;<\/span><\/span><span>de<\/span><span><span class=\"Apple-converted-space\">&nbsp;<\/span><\/span><a href=\"https:\/\/es.m.wikipedia.org\/wiki\/Lima\" title=\"Lima\">Lima<\/a><span><span class=\"Apple-converted-space\">&nbsp;<\/span><\/span><span>en el per\u00edodo de 1869 a 1870, y la<\/span><span><span class=\"Apple-converted-space\">&nbsp;<\/span><\/span><a href=\"https:\/\/es.m.wikipedia.org\/wiki\/Presidente_del_Per%C3%BA\" title=\"Presidente del Per\u00fa\">presidencia<\/a><span><span class=\"Apple-converted-space\">&nbsp;<\/span><\/span><span>del<\/span><span><span class=\"Apple-converted-space\">&nbsp;<\/span><\/span><a href=\"https:\/\/es.m.wikipedia.org\/wiki\/Per%C3%BA\" title=\"Per\u00fa\">Per\u00fa<\/a><span><span class=\"Apple-converted-space\">&nbsp;<\/span><\/span><span>en el per\u00edodo constitucional de 1872 a 1876, siendo, despu\u00e9s de 51 a\u00f1os de independencia, el primer presidente civil constitucional de la historia republicana peruana, y su sucesor fue otro militar. Tambi\u00e9n fue presidente de la C\u00e1mara de Senadores, en 1878.<\/span><\/p>\n<p>Cat\u00e1logo de sellos : Sello \u203a Manuel Pardo<\/p>\n<p>Pa\u00eds:<\/p>\n<p>Per\u00fa<\/p>\n<p>Serie:<\/p>\n<p>Personalities and Paintings<\/p>\n<p>C\u00f3digo de cat\u00e1logo:<\/p>\n<p>Michel PE 173a<\/p>\n<p>Stamp Number PE 212<\/p>\n<p>Yvert et Tellier PE 179<\/p>\n<p>Stanley Gibbons PE 409<\/p>\n<p>Bustamante PE 201<\/p>\n<p>Temas:<\/p>\n<p>Economistas | Jefes de Estado | Personajes Famosos | Pol\u00edticos<\/p>\n<p>Fecha emisi\u00f3n:<\/p>\n<p>1918<\/p>\n<p>Tama\u00f1o:<\/p>\n<p>21 x 27 mm<\/p>\n<p>Colores:<\/p>\n<p>Azul marino | Negro<\/p>\n<p>Marca de agua:<\/p>\n<p>Sin Marca de agua<\/p>\n<p>Impresores\/Imprentas:<\/p>\n<p>American Bank Note Co.<\/p>\n<p>Formato:<\/p>\n<p>Sello<\/p>\n<p>Emisi\u00f3n:<\/p>\n<p>Definitivo<\/p>\n<p>Perforaci\u00f3n:<\/p>\n<p>l\u00ednea12<\/p>\n<p>Impresi\u00f3n:<\/p>\n<p>Rebaje<\/p>\n<p>Papel:<\/p>\n<p>low quality<\/p>\n<p>Valor facial:<\/p>\n<p>5 c &#8211; Centavo Peruano<\/p>\n<p>Puntuaci\u00f3n:<\/p>\n<p>7% Precisi\u00f3n: Muy alto<\/p>\n<p>Descripci\u00f3n:<\/p>\n<p>El autor del cat\u00e1logo peruano menciona que todos los sellos de esta serie pueden mostrar todo tipo de errores y variedades. This, due to lack of attention on the part of the Lima Postal Administration, during the printing process.<\/p>\n<p>Some of the varieties, too numerous to mention in its totality, include:<\/p>\n<p>&#8211; imperforate stamps<\/p>\n<p>&#8211; centro invertido<\/p>\n<p>&#8211; omitted center<\/p>\n<p>&#8211; double center<\/p>\n<p>&#8211; center printed on back<\/p>\n<p>&#8211; double printing of frame<\/p>\n<p>&#8211; double printings, one inverted&#8230;<\/p>\n<p>Additionally, the paper quality of this series is low. This leads to generally damaged used stamps or at least in bad conditions.<\/p>","protected":false},"excerpt":{"rendered":"<p>Sello Peru Manuel Pardo &#8211; 5 centavos Azul y negro 1918 &#8211; Usado Manuel Justo Pardo y Lavalle&nbsp;(Lima, 9 de agosto de 1834-Ib., 16 de noviembre de 1878) fue un&nbsp;economista&nbsp;y&nbsp;pol\u00edtico&nbsp;peruano&nbsp;que ocup\u00f3 la&nbsp;alcald\u00eda&nbsp;de&nbsp;Lima&nbsp;en el per\u00edodo de 1869 a 1870, y la&nbsp;presidencia&nbsp;del&nbsp;Per\u00fa&nbsp;en el per\u00edodo constitucional de 1872 a 1876, siendo, despu\u00e9s de 51 a\u00f1os de independencia, el &hellip;<\/p>\n<p class=\"read-more\"> <a class=\"thunk-readmore button\" href=\"https:\/\/filatelia.cuentista.es\/en\/product\/sello-peru-manuel-pardo-5-centavos-azul-y-negro-1918-usado\"> <span class=\"screen-reader-text\">Sello Peru Manuel Pardo &#8211; 5 centavos Azul y negro 1918 &#8211; Usado<\/span>Read More<\/a><\/p>","protected":false},"featured_media":1636,"comment_status":"open","ping_status":"closed","template":"","meta":{"_acf_changed":false},"product_brand":[],"product_cat":[803,20],"product_tag":[807,45,804,806,805],"class_list":{"0":"post-1637","1":"product","2":"type-product","3":"status-publish","4":"has-post-thumbnail","6":"product_cat-peru","7":"product_cat-sellos-usados","8":"product_tag-807","9":"product_tag-historia","10":"product_tag-pardo","11":"product_tag-personaje","12":"product_tag-peru","13":"thunk-woo-product-list","14":"opn-qv-enable","15":"open-woo-hover-zoom","16":"open-single-product-tab-horizontal","17":"open-shadow-","18":"open-shadow-hover-","20":"first","21":"instock","22":"sale","23":"shipping-taxable","24":"purchasable","25":"product-type-simple"},"acf":[],"jetpack_sharing_enabled":true,"_links":{"self":[{"href":"https:\/\/filatelia.cuentista.es\/en\/wp-json\/wp\/v2\/product\/1637","targetHints":{"allow":["GET"]}}],"collection":[{"href":"https:\/\/filatelia.cuentista.es\/en\/wp-json\/wp\/v2\/product"}],"about":[{"href":"https:\/\/filatelia.cuentista.es\/en\/wp-json\/wp\/v2\/types\/product"}],"replies":[{"embeddable":true,"href":"https:\/\/filatelia.cuentista.es\/en\/wp-json\/wp\/v2\/comments?post=1637"}],"wp:featuredmedia":[{"embeddable":true,"href":"https:\/\/filatelia.cuentista.es\/en\/wp-json\/wp\/v2\/media\/1636"}],"wp:attachment":[{"href":"https:\/\/filatelia.cuentista.es\/en\/wp-json\/wp\/v2\/media?parent=1637"}],"wp:term":[{"taxonomy":"product_brand","embeddable":true,"href":"https:\/\/filatelia.cuentista.es\/en\/wp-json\/wp\/v2\/product_brand?post=1637"},{"taxonomy":"product_cat","embeddable":true,"href":"https:\/\/filatelia.cuentista.es\/en\/wp-json\/wp\/v2\/product_cat?post=1637"},{"taxonomy":"product_tag","embeddable":true,"href":"https:\/\/filatelia.cuentista.es\/en\/wp-json\/wp\/v2\/product_tag?post=1637"}],"curies":[{"name":"wp","href":"https:\/\/api.w.org\/{rel}","templated":true}]}}