{"id":1634,"date":"2024-08-18T15:36:17","date_gmt":"2024-08-18T15:36:17","guid":{"rendered":"https:\/\/filatelia.cuentista.es\/?post_type=product&#038;p=1634"},"modified":"2024-08-31T17:32:46","modified_gmt":"2024-08-31T17:32:46","slug":"sello-uruguay-1952-aniversario-upu-azul-12-cents-azul-2","status":"publish","type":"product","link":"https:\/\/filatelia.cuentista.es\/en\/product\/sello-uruguay-1952-aniversario-upu-azul-12-cents-azul-2","title":{"rendered":"Sello Uruguay 1954 &#8211; Puertas de Montevideo, Nuevo 12 cent Azul y gris Nuevo MNH"},"content":{"rendered":"<p>Sello Uruguay 1954 &#8211; Puertas de Montevideo, 12 cent Azul y gris- Nuevo MNH<\/p>\n<p>Cat\u00e1logo de sellos : Sello \u203a Outer Gateway of Montevideo, 1836<\/p>\n<p>Pa\u00eds:<\/p>\n<p>Uruguay<\/p>\n<p>Serie:<\/p>\n<p>Definitives &#8211; Symbols and Views of Uruguay (1954)<\/p>\n<p>C\u00f3digo de cat\u00e1logo:<\/p>\n<p>Michel UY 784<\/p>\n<p>Stamp Number UY 613<\/p>\n<p>Yvert et Tellier UY 631<\/p>\n<p>Stanley Gibbons UY 1036<\/p>\n<p>Ciardi UY 631<\/p>\n<p>Sobreimpreso:<\/p>\n<p>Click para ver sobreimpresiones y recargos<\/p>\n<p>Temas:<\/p>\n<p>Caballos | Ganado (Toros o Vacas) | Murallas | Paisajes \/ Vistas de Ciudades<\/p>\n<p>Fecha emisi\u00f3n:<\/p>\n<p>1954-01-14<\/p>\n<p>Tama\u00f1o:<\/p>\n<p>41 x 30 mm<\/p>\n<p>Colores:<\/p>\n<p>Azul | Marr\u00f3n Negro<\/p>\n<p>Marca de agua:<\/p>\n<p>Sin Marca de agua<\/p>\n<p>Impresores\/Imprentas:<\/p>\n<p>Waterlow &amp; Sons Ltd<\/p>\n<p>Formato:<\/p>\n<p>Sello<\/p>\n<p>Emisi\u00f3n:<\/p>\n<p>Definitivo<\/p>\n<p>Perforaci\u00f3n:<\/p>\n<p>13<\/p>\n<p>Impresi\u00f3n:<\/p>\n<p>Rebaje<\/p>\n<p>Papel:<\/p>\n<p>Medium or thick<\/p>\n<p>Valor facial:<\/p>\n<p>12 Cent\u00e9simo Uruguayo<\/p>\n<p>Tiraje:<\/p>\n<p>3.000.000<\/p>","protected":false},"excerpt":{"rendered":"<p>Sello Uruguay 1954 &#8211; Puertas de Montevideo, 12 cent Azul y gris- Nuevo MNH Cat\u00e1logo de sellos : Sello \u203a Outer Gateway of Montevideo, 1836 Pa\u00eds: Uruguay Serie: Definitives &#8211; Symbols and Views of Uruguay (1954) C\u00f3digo de cat\u00e1logo: Michel UY 784 Stamp Number UY 613 Yvert et Tellier UY 631 Stanley Gibbons UY 1036 &hellip;<\/p>\n<p class=\"read-more\"> <a class=\"thunk-readmore button\" href=\"https:\/\/filatelia.cuentista.es\/en\/product\/sello-uruguay-1952-aniversario-upu-azul-12-cents-azul-2\"> <span class=\"screen-reader-text\">Sello Uruguay 1954 &#8211; Puertas de Montevideo, Nuevo 12 cent Azul y gris Nuevo MNH<\/span>Read More<\/a><\/p>","protected":false},"featured_media":1635,"comment_status":"open","ping_status":"closed","template":"","meta":{"_acf_changed":false},"product_brand":[],"product_cat":[763,20],"product_tag":[45,766,339,629],"class_list":{"0":"post-1634","1":"product","2":"type-product","3":"status-publish","4":"has-post-thumbnail","6":"product_cat-uruguay","7":"product_cat-sellos-usados","8":"product_tag-historia","9":"product_tag-montevideo","10":"product_tag-puertas","11":"product_tag-uruguay","12":"thunk-woo-product-list","13":"opn-qv-enable","14":"open-woo-hover-zoom","15":"open-single-product-tab-horizontal","16":"open-shadow-","17":"open-shadow-hover-","19":"first","20":"instock","21":"sale","22":"shipping-taxable","23":"purchasable","24":"product-type-simple"},"acf":[],"jetpack_sharing_enabled":true,"_links":{"self":[{"href":"https:\/\/filatelia.cuentista.es\/en\/wp-json\/wp\/v2\/product\/1634","targetHints":{"allow":["GET"]}}],"collection":[{"href":"https:\/\/filatelia.cuentista.es\/en\/wp-json\/wp\/v2\/product"}],"about":[{"href":"https:\/\/filatelia.cuentista.es\/en\/wp-json\/wp\/v2\/types\/product"}],"replies":[{"embeddable":true,"href":"https:\/\/filatelia.cuentista.es\/en\/wp-json\/wp\/v2\/comments?post=1634"}],"wp:featuredmedia":[{"embeddable":true,"href":"https:\/\/filatelia.cuentista.es\/en\/wp-json\/wp\/v2\/media\/1635"}],"wp:attachment":[{"href":"https:\/\/filatelia.cuentista.es\/en\/wp-json\/wp\/v2\/media?parent=1634"}],"wp:term":[{"taxonomy":"product_brand","embeddable":true,"href":"https:\/\/filatelia.cuentista.es\/en\/wp-json\/wp\/v2\/product_brand?post=1634"},{"taxonomy":"product_cat","embeddable":true,"href":"https:\/\/filatelia.cuentista.es\/en\/wp-json\/wp\/v2\/product_cat?post=1634"},{"taxonomy":"product_tag","embeddable":true,"href":"https:\/\/filatelia.cuentista.es\/en\/wp-json\/wp\/v2\/product_tag?post=1634"}],"curies":[{"name":"wp","href":"https:\/\/api.w.org\/{rel}","templated":true}]}}