{"id":1633,"date":"2024-08-18T15:33:59","date_gmt":"2024-08-18T15:33:59","guid":{"rendered":"https:\/\/filatelia.cuentista.es\/product\/sello-uruguay-1952-aniversario-upu-azul-12-cents-azul"},"modified":"2024-12-15T20:45:03","modified_gmt":"2024-12-15T20:45:03","slug":"sello-uruguay-1952-aniversario-upu-azul-12-cents-azul-4","status":"publish","type":"product","link":"https:\/\/filatelia.cuentista.es\/en\/product\/sello-uruguay-1952-aniversario-upu-azul-12-cents-azul-4","title":{"rendered":"Sello Uruguay 1952 &#8211; Aniversario UPU &#8211; Azul 12 Cents. &#8211; Usado"},"content":{"rendered":"<p>Sello Uruguay 1952 &#8211; Aniversario UPU &#8211; Azul 12 Cents. &#8211; Azul<\/p>\n<p>Imagen con un avi\u00f3n en primer plano y un carro con caballos en tierra<\/p>\n<p><span>La<\/span><span><span class=\"Apple-converted-space\">&nbsp;<\/span><\/span><b>Uni\u00f3n Postal Universal<\/b><span><span class=\"Apple-converted-space\">&nbsp;<\/span><\/span><span>(en franc\u00e9s:<\/span><span><span class=\"Apple-converted-space\">&nbsp;<\/span><\/span><i>Union postale universelle<\/i><span>;<\/span><span><span class=\"Apple-converted-space\">&nbsp;<\/span><\/span><b>UPU<\/b><span>) es un organismo especializado de las<\/span><span><span class=\"Apple-converted-space\">&nbsp;<\/span><\/span><a href=\"https:\/\/es.m.wikipedia.org\/wiki\/Naciones_Unidas\" class=\"mw-redirect\" title=\"Naciones Unidas\">Naciones Unidas<\/a><span>. Tiene como objetivo afianzar la organizaci\u00f3n y mejorar los<\/span><span><span class=\"Apple-converted-space\">&nbsp;<\/span><\/span><a href=\"https:\/\/es.m.wikipedia.org\/wiki\/Correo_postal\" title=\"Correo postal\">servicios postales<\/a><span>, participar en la asistencia t\u00e9cnica postal que soliciten los pa\u00edses miembros y fomentar la colaboraci\u00f3n internacional en materia postal. La UPU fija tarifas, l\u00edmites m\u00e1ximos y m\u00ednimos de peso y tama\u00f1o, as\u00ed como las condiciones de aceptaci\u00f3n de la correspondencia, establece reglamentos aplicables a esta, y a objetos cuyo transporte requiere preocupaci\u00f3n especial, como sustancias infecciosas y radiactivas. Su lengua oficial es el<\/span><span><span class=\"Apple-converted-space\">&nbsp;<\/span><\/span><a href=\"https:\/\/es.m.wikipedia.org\/wiki\/Idioma_franc%C3%A9s\" title=\"Idioma franc\u00e9s\">franc\u00e9s<\/a><span><span class=\"Apple-converted-space\">&nbsp;<\/span><\/span><span>y su sede se encuentra en la ciudad de<\/span><span><span class=\"Apple-converted-space\">&nbsp;<\/span><\/span><a href=\"https:\/\/es.m.wikipedia.org\/wiki\/Berna\" title=\"Berna\">Berna<\/a><span>,<\/span><span><span class=\"Apple-converted-space\">&nbsp;<\/span><\/span><a href=\"https:\/\/es.m.wikipedia.org\/wiki\/Suiza\" title=\"Suiza\">Suiza<\/a><span>. Actualmente cuenta con 191 pa\u00edses miembros.<\/span><\/p>\n<p>Pa\u00eds:<\/p>\n<p>Uruguay<\/p>\n<p>Serie:<\/p>\n<p>75 Aniversario de la Uni\u00f3n Postal Universal (U.P.U.)<\/p>\n<p>C\u00f3digo de cat\u00e1logo:<\/p>\n<p>Michel UY 771<\/p>\n<p>Stamp Number UY 600<\/p>\n<p>Yvert et Tellier UY 618<\/p>\n<p>Stanley Gibbons UY 1023<\/p>\n<p>Ciardi UY 618<\/p>\n<p>Tiene variantes menores: 1<\/p>\n<p>Temas:<\/p>\n<p>Aviones | Servicios Postales | Tr\u00e1fico Postal | U.P.U. | Uniones Postales | Veh\u00edculos Postales<\/p>\n<p>Fecha emisi\u00f3n:<\/p>\n<p>1952-10-09<\/p>\n<p>Tama\u00f1o:<\/p>\n<p>34 x 23 mm<\/p>\n<p>Colores:<\/p>\n<p>Azul<\/p>\n<p>Marca de agua:<\/p>\n<p>Sin Marca de agua<\/p>\n<p>Impresores\/Imprentas:<\/p>\n<p>Waterlow &amp; Sons Ltd<\/p>\n<p>Formato:<\/p>\n<p>Sello<\/p>\n<p>Emisi\u00f3n:<\/p>\n<p>Conmemorativo<\/p>\n<p>Perforaci\u00f3n:<\/p>\n<p>peine14 x 13<\/p>\n<p>Impresi\u00f3n:<\/p>\n<p>Fotograbado<\/p>\n<p>Papel:<\/p>\n<p>Medium<\/p>\n<p>Valor facial:<\/p>\n<p>12 Cent\u00e9simo Uruguayo<\/p>\n<p>Tiraje:<\/p>\n<p>2.000.000<\/p>","protected":false},"excerpt":{"rendered":"<p>Sello Uruguay 1952 &#8211; Aniversario UPU &#8211; Azul 12 Cents. &#8211; Azul Imagen con un avi\u00f3n en primer plano y un carro con caballos en tierra La&nbsp;Uni\u00f3n Postal Universal&nbsp;(en franc\u00e9s:&nbsp;Union postale universelle;&nbsp;UPU) es un organismo especializado de las&nbsp;Naciones Unidas. Tiene como objetivo afianzar la organizaci\u00f3n y mejorar los&nbsp;servicios postales, participar en la asistencia t\u00e9cnica postal &hellip;<\/p>\n<p class=\"read-more\"> <a class=\"thunk-readmore button\" href=\"https:\/\/filatelia.cuentista.es\/en\/product\/sello-uruguay-1952-aniversario-upu-azul-12-cents-azul-4\"> <span class=\"screen-reader-text\">Sello Uruguay 1952 &#8211; Aniversario UPU &#8211; Azul 12 Cents. &#8211; Usado<\/span>Read More<\/a><\/p>","protected":false},"featured_media":1632,"comment_status":"open","ping_status":"closed","template":"","meta":{"_acf_changed":false},"product_brand":[],"product_cat":[763,20],"product_tag":[156,517,656,177,802,629],"class_list":{"0":"post-1633","1":"product","2":"type-product","3":"status-publish","4":"has-post-thumbnail","6":"product_cat-uruguay","7":"product_cat-sellos-usados","8":"product_tag-aniversario","9":"product_tag-avion","10":"product_tag-carro","11":"product_tag-correo","12":"product_tag-upu","13":"product_tag-uruguay","14":"thunk-woo-product-list","15":"opn-qv-enable","16":"open-woo-hover-zoom","17":"open-single-product-tab-horizontal","18":"open-shadow-","19":"open-shadow-hover-","21":"first","22":"instock","23":"sale","24":"shipping-taxable","25":"purchasable","26":"product-type-simple"},"acf":[],"jetpack_sharing_enabled":true,"_links":{"self":[{"href":"https:\/\/filatelia.cuentista.es\/en\/wp-json\/wp\/v2\/product\/1633","targetHints":{"allow":["GET"]}}],"collection":[{"href":"https:\/\/filatelia.cuentista.es\/en\/wp-json\/wp\/v2\/product"}],"about":[{"href":"https:\/\/filatelia.cuentista.es\/en\/wp-json\/wp\/v2\/types\/product"}],"replies":[{"embeddable":true,"href":"https:\/\/filatelia.cuentista.es\/en\/wp-json\/wp\/v2\/comments?post=1633"}],"wp:featuredmedia":[{"embeddable":true,"href":"https:\/\/filatelia.cuentista.es\/en\/wp-json\/wp\/v2\/media\/1632"}],"wp:attachment":[{"href":"https:\/\/filatelia.cuentista.es\/en\/wp-json\/wp\/v2\/media?parent=1633"}],"wp:term":[{"taxonomy":"product_brand","embeddable":true,"href":"https:\/\/filatelia.cuentista.es\/en\/wp-json\/wp\/v2\/product_brand?post=1633"},{"taxonomy":"product_cat","embeddable":true,"href":"https:\/\/filatelia.cuentista.es\/en\/wp-json\/wp\/v2\/product_cat?post=1633"},{"taxonomy":"product_tag","embeddable":true,"href":"https:\/\/filatelia.cuentista.es\/en\/wp-json\/wp\/v2\/product_tag?post=1633"}],"curies":[{"name":"wp","href":"https:\/\/api.w.org\/{rel}","templated":true}]}}