{"id":1618,"date":"2024-08-17T19:28:22","date_gmt":"2024-08-17T19:28:22","guid":{"rendered":"https:\/\/filatelia.cuentista.es\/?post_type=product&#038;p=1618"},"modified":"2024-08-17T20:20:40","modified_gmt":"2024-08-17T20:20:40","slug":"sello-uruguay-mercury-20c-1926-usado-2-2-2-2","status":"publish","type":"product","link":"https:\/\/filatelia.cuentista.es\/en\/product\/sello-uruguay-mercury-20c-1926-usado-2-2-2-2","title":{"rendered":"Sello Uruguay &#8211; Ferrocarril , Azul 5c 1899 &#8211; usado, da\u00f1ado"},"content":{"rendered":"<p>Sello Uruguay &#8211; Ferrocarril , Azul 5c 1899 &#8211; usado<\/p>\n<p>Da\u00f1ado con rotura en lateral derecho apreciable en la fotograf\u00eda<\/p>\n<p>C\u00f3digo de cat\u00e1logo:<\/p>\n<p>Michel UY 144a<\/p>\n<p>Stamp Number UY 114<\/p>\n<p>Yvert et Tellier UY 147<\/p>\n<p>Stanley Gibbons UY 221<\/p>\n<p>Ciardi UY 147<\/p>\n<p>Temas:<\/p>\n<p>Ferrocarriles | Locomotoras<\/p>\n<p>Fecha emisi\u00f3n:<\/p>\n<p>1899-04-26<\/p>\n<p>Fecha de caducidad:<\/p>\n<p>1901-03-01<\/p>\n<p>Colores:<\/p>\n<p>Azul<\/p>\n<p>Marca de agua:<\/p>\n<p>Sin Marca de agua<\/p>\n<p>Impresores\/Imprentas:<\/p>\n<p>Waterlow &amp; Sons Ltd<\/p>\n<p>Formato:<\/p>\n<p>Sello<\/p>\n<p>Emisi\u00f3n:<\/p>\n<p>Definitivo<\/p>\n<p>Perforaci\u00f3n:<\/p>\n<p>Varios<\/p>\n<p>Impresi\u00f3n:<\/p>\n<p>Rebaje<\/p>\n<p>Papel:<\/p>\n<p>Medium<\/p>\n<p>Valor facial:<\/p>\n<p>5 Cent\u00e9simo Uruguayo<\/p>","protected":false},"excerpt":{"rendered":"<p>Sello Uruguay &#8211; Ferrocarril , Azul 5c 1899 &#8211; usado Da\u00f1ado con rotura en lateral derecho apreciable en la fotograf\u00eda C\u00f3digo de cat\u00e1logo: Michel UY 144a Stamp Number UY 114 Yvert et Tellier UY 147 Stanley Gibbons UY 221 Ciardi UY 147 Temas: Ferrocarriles | Locomotoras Fecha emisi\u00f3n: 1899-04-26 Fecha de caducidad: 1901-03-01 Colores: Azul &hellip;<\/p>\n<p class=\"read-more\"> <a class=\"thunk-readmore button\" href=\"https:\/\/filatelia.cuentista.es\/en\/product\/sello-uruguay-mercury-20c-1926-usado-2-2-2-2\"> <span class=\"screen-reader-text\">Sello Uruguay &#8211; Ferrocarril , Azul 5c 1899 &#8211; usado, da\u00f1ado<\/span>Read More<\/a><\/p>","protected":false},"featured_media":1621,"comment_status":"open","ping_status":"closed","template":"","meta":{"_acf_changed":false},"product_brand":[],"product_cat":[763,20],"product_tag":[793,667,114,794,379,629],"class_list":{"0":"post-1618","1":"product","2":"type-product","3":"status-publish","4":"has-post-thumbnail","6":"product_cat-uruguay","7":"product_cat-sellos-usados","8":"product_tag-793","9":"product_tag-azul","10":"product_tag-ferrocarril","11":"product_tag-locomotora","12":"product_tag-tren","13":"product_tag-uruguay","14":"thunk-woo-product-list","15":"opn-qv-enable","16":"open-woo-hover-zoom","17":"open-single-product-tab-horizontal","18":"open-shadow-","19":"open-shadow-hover-","21":"first","22":"instock","23":"sale","24":"shipping-taxable","25":"purchasable","26":"product-type-simple"},"acf":[],"jetpack_sharing_enabled":true,"_links":{"self":[{"href":"https:\/\/filatelia.cuentista.es\/en\/wp-json\/wp\/v2\/product\/1618","targetHints":{"allow":["GET"]}}],"collection":[{"href":"https:\/\/filatelia.cuentista.es\/en\/wp-json\/wp\/v2\/product"}],"about":[{"href":"https:\/\/filatelia.cuentista.es\/en\/wp-json\/wp\/v2\/types\/product"}],"replies":[{"embeddable":true,"href":"https:\/\/filatelia.cuentista.es\/en\/wp-json\/wp\/v2\/comments?post=1618"}],"wp:featuredmedia":[{"embeddable":true,"href":"https:\/\/filatelia.cuentista.es\/en\/wp-json\/wp\/v2\/media\/1621"}],"wp:attachment":[{"href":"https:\/\/filatelia.cuentista.es\/en\/wp-json\/wp\/v2\/media?parent=1618"}],"wp:term":[{"taxonomy":"product_brand","embeddable":true,"href":"https:\/\/filatelia.cuentista.es\/en\/wp-json\/wp\/v2\/product_brand?post=1618"},{"taxonomy":"product_cat","embeddable":true,"href":"https:\/\/filatelia.cuentista.es\/en\/wp-json\/wp\/v2\/product_cat?post=1618"},{"taxonomy":"product_tag","embeddable":true,"href":"https:\/\/filatelia.cuentista.es\/en\/wp-json\/wp\/v2\/product_tag?post=1618"}],"curies":[{"name":"wp","href":"https:\/\/api.w.org\/{rel}","templated":true}]}}