{"id":1580,"date":"2024-08-15T13:53:16","date_gmt":"2024-08-15T13:53:16","guid":{"rendered":"https:\/\/filatelia.cuentista.es\/?post_type=product&#038;p=1580"},"modified":"2024-12-22T13:53:00","modified_gmt":"2024-12-22T13:53:00","slug":"sello-artigas-1960-1c-lila-usado-2-2","status":"publish","type":"product","link":"https:\/\/filatelia.cuentista.es\/en\/product\/sello-artigas-1960-1c-lila-usado-2-2","title":{"rendered":"Sello Artigas 1949, 5c gris oscuro, nuevo con goma"},"content":{"rendered":"<p>Sello Artigas 1949, 5c gris oscuro, nuevo con goma<\/p>\n<p>C\u00f3digo de cat\u00e1logo:<\/p>\n<p>Mi:UY 622, Sn:UY 568, Yt:UY 574, Sg:UY 848, Cia:UY 574<\/p>\n<p>Temas:<\/p>\n<p>Estadistas | Generales | H\u00e9roes | Jefes de Estado (de Facto) | Oficiales Militares | Personajes Famosos | Personajes de la Independencia | Pol\u00edticos<\/p>\n<p>Fecha emisi\u00f3n:<\/p>\n<p>1949-09-28<\/p>\n<p>Tama\u00f1o:<\/p>\n<p>21 x 26 mm<\/p>\n<p>Colores:<\/p>\n<p>Negro<\/p>\n<p>Marca de agua:<\/p>\n<p>Sin Marca de agua<\/p>\n<p>Impresores\/Imprentas:<\/p>\n<p>Imprenta Nacional, Montevideo<\/p>\n<p>Formato:<\/p>\n<p>Sello<\/p>\n<p>Emisi\u00f3n:<\/p>\n<p>Definitivo<\/p>\n<p>Perforaci\u00f3n:<\/p>\n<p>12\u00be<\/p>\n<p>Impresi\u00f3n:<\/p>\n<p>Litograf\u00eda<\/p>\n<p>Papel:<\/p>\n<p>fine<\/p>\n<p>Valor facial:<\/p>\n<p>5 Mil\u00e9simo Uruguayo<\/p>\n<p>Tiraje:<\/p>\n<p>3.000.000<\/p>","protected":false},"excerpt":{"rendered":"<p>Sello Artigas 1949, 5c gris oscuro, nuevo con goma C\u00f3digo de cat\u00e1logo: Mi:UY 622, Sn:UY 568, Yt:UY 574, Sg:UY 848, Cia:UY 574 Temas: Estadistas | Generales | H\u00e9roes | Jefes de Estado (de Facto) | Oficiales Militares | Personajes Famosos | Personajes de la Independencia | Pol\u00edticos Fecha emisi\u00f3n: 1949-09-28 Tama\u00f1o: 21 x 26 mm &hellip;<\/p>\n<p class=\"read-more\"> <a class=\"thunk-readmore button\" href=\"https:\/\/filatelia.cuentista.es\/en\/product\/sello-artigas-1960-1c-lila-usado-2-2\"> <span class=\"screen-reader-text\">Sello Artigas 1949, 5c gris oscuro, nuevo con goma<\/span>Read More<\/a><\/p>","protected":false},"featured_media":1581,"comment_status":"open","ping_status":"closed","template":"","meta":{"_acf_changed":false},"product_brand":[],"product_cat":[763,20],"product_tag":[773,770,771],"class_list":{"0":"post-1580","1":"product","2":"type-product","3":"status-publish","4":"has-post-thumbnail","6":"product_cat-uruguay","7":"product_cat-sellos-usados","8":"product_tag-773","9":"product_tag-artigas","10":"product_tag-republica-oriental-del-uruguay","11":"thunk-woo-product-list","12":"opn-qv-enable","13":"open-woo-hover-zoom","14":"open-single-product-tab-horizontal","15":"open-shadow-","16":"open-shadow-hover-","18":"first","19":"instock","20":"sale","21":"shipping-taxable","22":"purchasable","23":"product-type-simple"},"acf":[],"jetpack_sharing_enabled":true,"_links":{"self":[{"href":"https:\/\/filatelia.cuentista.es\/en\/wp-json\/wp\/v2\/product\/1580","targetHints":{"allow":["GET"]}}],"collection":[{"href":"https:\/\/filatelia.cuentista.es\/en\/wp-json\/wp\/v2\/product"}],"about":[{"href":"https:\/\/filatelia.cuentista.es\/en\/wp-json\/wp\/v2\/types\/product"}],"replies":[{"embeddable":true,"href":"https:\/\/filatelia.cuentista.es\/en\/wp-json\/wp\/v2\/comments?post=1580"}],"wp:featuredmedia":[{"embeddable":true,"href":"https:\/\/filatelia.cuentista.es\/en\/wp-json\/wp\/v2\/media\/1581"}],"wp:attachment":[{"href":"https:\/\/filatelia.cuentista.es\/en\/wp-json\/wp\/v2\/media?parent=1580"}],"wp:term":[{"taxonomy":"product_brand","embeddable":true,"href":"https:\/\/filatelia.cuentista.es\/en\/wp-json\/wp\/v2\/product_brand?post=1580"},{"taxonomy":"product_cat","embeddable":true,"href":"https:\/\/filatelia.cuentista.es\/en\/wp-json\/wp\/v2\/product_cat?post=1580"},{"taxonomy":"product_tag","embeddable":true,"href":"https:\/\/filatelia.cuentista.es\/en\/wp-json\/wp\/v2\/product_tag?post=1580"}],"curies":[{"name":"wp","href":"https:\/\/api.w.org\/{rel}","templated":true}]}}