{"id":1563,"date":"2024-08-15T12:03:06","date_gmt":"2024-08-15T12:03:06","guid":{"rendered":"https:\/\/filatelia.cuentista.es\/?post_type=product&#038;p=1563"},"modified":"2024-08-15T12:12:08","modified_gmt":"2024-08-15T12:12:08","slug":"sello-uruguay-1954-la-doma-nuevo-3-2-2","status":"publish","type":"product","link":"https:\/\/filatelia.cuentista.es\/en\/product\/sello-uruguay-1954-la-doma-nuevo-3-2-2","title":{"rendered":"Sello Uruguay 1954 &#8211; El Omb\u00fa &#8211; Usado 2c &#8211; 1954"},"content":{"rendered":"<p>Sello Uruguay 1954 &#8211; El Ombu &#8211; Usado<\/p>\n<p>Motivo el \u00c1rbol del Omb\u00fa<\/p>\n<p>Yvert 625<\/p>\n<p><span><i>Phytolacca dioica<\/i><\/span><span>,<\/span><span><span class=\"Apple-converted-space\">&nbsp;<\/span><\/span><b>omb\u00fa<\/b><span><span class=\"Apple-converted-space\">&nbsp;<\/span><\/span><span>o<\/span><span><span class=\"Apple-converted-space\">&nbsp;<\/span><\/span><b>bellasombra<\/b><span><span class=\"Apple-converted-space\">&nbsp;<\/span><\/span><span>es un<\/span><span><span class=\"Apple-converted-space\">&nbsp;<\/span><\/span><a href=\"https:\/\/es.m.wikipedia.org\/wiki\/%C3%81rbol\" title=\"\u00c1rbol\">\u00e1rbol<\/a><span><span class=\"Apple-converted-space\">&nbsp;<\/span><\/span><span>perteneciente a la familia<\/span><span><span class=\"Apple-converted-space\">&nbsp;<\/span><\/span><a href=\"https:\/\/es.m.wikipedia.org\/wiki\/Phytolaccaceae\" title=\"Phytolaccaceae\">Phytolaccaceae<\/a><span>. Es oriundo de los montes del<\/span><span><span class=\"Apple-converted-space\">&nbsp;<\/span><\/span><a href=\"https:\/\/es.m.wikipedia.org\/wiki\/Nordeste_argentino\" title=\"Nordeste argentino\">Nordeste argentino<\/a><span>,<\/span><span><span class=\"Apple-converted-space\">&nbsp;<\/span><\/span><a href=\"https:\/\/es.m.wikipedia.org\/wiki\/Uruguay\" title=\"Uruguay\">Uruguay<\/a><span><span class=\"Apple-converted-space\">&nbsp;<\/span><\/span><span>y<\/span><span><span class=\"Apple-converted-space\">&nbsp;<\/span><\/span><a href=\"https:\/\/es.m.wikipedia.org\/wiki\/Regi%C3%B3n_Sur_de_Brasil\" title=\"Regi\u00f3n Sur de Brasil\">Sur de Brasil<\/a><span>, tambi\u00e9n se da en<\/span><span><span class=\"Apple-converted-space\">&nbsp;<\/span><\/span><a href=\"https:\/\/es.m.wikipedia.org\/wiki\/Paraguay\" title=\"Paraguay\">Paraguay<\/a><span>.<\/span><\/p>\n<p><span class=\"corchete-llamada\"><sup id=\"cite_ref-2\" class=\"reference separada\"><a href=\"https:\/\/es.m.wikipedia.org\/wiki\/Jineteada_gaucha#cite_note-2\" style=\"color: var(--color-visited,#6b4ba1);text-decoration: none;background: none\"><\/a><\/sup><\/span><\/p>","protected":false},"excerpt":{"rendered":"<p>Sello Uruguay 1954 &#8211; El Ombu &#8211; Usado Motivo el \u00c1rbol del Omb\u00fa Yvert 625 Phytolacca dioica,&nbsp;omb\u00fa&nbsp;o&nbsp;bellasombra&nbsp;es un&nbsp;\u00e1rbol&nbsp;perteneciente a la familia&nbsp;Phytolaccaceae. Es oriundo de los montes del&nbsp;Nordeste argentino,&nbsp;Uruguay&nbsp;y&nbsp;Sur de Brasil, tambi\u00e9n se da en&nbsp;Paraguay.<\/p>","protected":false},"featured_media":1564,"comment_status":"open","ping_status":"closed","template":"","meta":{"_acf_changed":false},"product_brand":[],"product_cat":[763,20],"product_tag":[761,765,764,102,629],"class_list":{"0":"post-1563","1":"product","2":"type-product","3":"status-publish","4":"has-post-thumbnail","6":"product_cat-uruguay","7":"product_cat-sellos-usados","8":"product_tag-761","9":"product_tag-flora","10":"product_tag-ombu","11":"product_tag-plantas","12":"product_tag-uruguay","13":"thunk-woo-product-list","14":"opn-qv-enable","15":"open-woo-hover-zoom","16":"open-single-product-tab-horizontal","17":"open-shadow-","18":"open-shadow-hover-","20":"first","21":"instock","22":"sale","23":"shipping-taxable","24":"purchasable","25":"product-type-simple"},"acf":[],"jetpack_sharing_enabled":true,"_links":{"self":[{"href":"https:\/\/filatelia.cuentista.es\/en\/wp-json\/wp\/v2\/product\/1563","targetHints":{"allow":["GET"]}}],"collection":[{"href":"https:\/\/filatelia.cuentista.es\/en\/wp-json\/wp\/v2\/product"}],"about":[{"href":"https:\/\/filatelia.cuentista.es\/en\/wp-json\/wp\/v2\/types\/product"}],"replies":[{"embeddable":true,"href":"https:\/\/filatelia.cuentista.es\/en\/wp-json\/wp\/v2\/comments?post=1563"}],"wp:featuredmedia":[{"embeddable":true,"href":"https:\/\/filatelia.cuentista.es\/en\/wp-json\/wp\/v2\/media\/1564"}],"wp:attachment":[{"href":"https:\/\/filatelia.cuentista.es\/en\/wp-json\/wp\/v2\/media?parent=1563"}],"wp:term":[{"taxonomy":"product_brand","embeddable":true,"href":"https:\/\/filatelia.cuentista.es\/en\/wp-json\/wp\/v2\/product_brand?post=1563"},{"taxonomy":"product_cat","embeddable":true,"href":"https:\/\/filatelia.cuentista.es\/en\/wp-json\/wp\/v2\/product_cat?post=1563"},{"taxonomy":"product_tag","embeddable":true,"href":"https:\/\/filatelia.cuentista.es\/en\/wp-json\/wp\/v2\/product_tag?post=1563"}],"curies":[{"name":"wp","href":"https:\/\/api.w.org\/{rel}","templated":true}]}}