{"id":1475,"date":"2024-08-14T21:17:12","date_gmt":"2024-08-14T21:17:12","guid":{"rendered":"https:\/\/filatelia.cuentista.es\/?post_type=product&#038;p=1475"},"modified":"2024-08-14T21:21:20","modified_gmt":"2024-08-14T21:21:20","slug":"video-dvd-mazinger-z-episodio-26-2-2-2","status":"publish","type":"product","link":"https:\/\/filatelia.cuentista.es\/en\/product\/video-dvd-mazinger-z-episodio-26-2-2-2","title":{"rendered":"Video DVD Mazinger Z &#8211; Episodio 20"},"content":{"rendered":"<p>V\u00eddeo DVD Mazinger Z &#8211; Episodio 20<\/p>\n<p>Cap\u00edtulo:Rencor! El d\u00eda m\u00e1s largo de la mansi\u00f3n Kurogane! 3a Parte<\/p>\n<p>Colecci\u00f3n de El Mundo<\/p>\n<p><span><i>Mazinger Z<\/i><\/span><span><span class=\"Apple-converted-space\">&nbsp;<\/span><\/span><span>(<\/span><span><span class=\"t_nihongo_kanji\" lang=\"ja\">\u30de\u30b8\u30f3\u30ac\u30fc<\/span><\/span><span><span class=\"t_nihongo_kanji\" lang=\"ja\">Z<\/span><\/span><span><span class=\"Apple-converted-space\">&nbsp;<\/span><\/span><span><span class=\"t_nihongo_romaji\"><i style=\"font-style: italic\">Majing\u0101 Zetto<\/i><\/span><\/span><span><span class=\"t_nihongo_help\"><span class=\"t_nihongo_icon\" style=\"color: darkblue;font-style: normal;font-weight: bold;font-size: 10.2px;line-height: normal;font-family: sans-serif;text-decoration: none;padding: 0px 0.1em\"><strong><sup style=\"line-height: 1;vertical-align: super;font-size: 0.75em\"><a href=\"https:\/\/es.m.wikipedia.org\/wiki\/Ayuda:Idioma_japon%C3%A9s\" title=\"Ayuda:Idioma japon\u00e9s\" style=\"color: var(--color-visited,#6b4ba1);text-decoration: none;background: none\">?<\/a><\/sup><\/strong><\/span><\/span><\/span><span>)<\/span><span><span class=\"Apple-converted-space\">&nbsp;<\/span><\/span><span>es una serie de<\/span><span><span class=\"Apple-converted-space\">&nbsp;<\/span><\/span><a href=\"https:\/\/es.m.wikipedia.org\/wiki\/Manga\" title=\"Manga\">manga<\/a><span><span class=\"Apple-converted-space\">&nbsp;<\/span><\/span><span>y<\/span><span><span class=\"Apple-converted-space\">&nbsp;<\/span><\/span><a href=\"https:\/\/es.m.wikipedia.org\/wiki\/Anime\" title=\"Anime\">anime<\/a><span><span class=\"Apple-converted-space\">&nbsp;<\/span><\/span><span>creada por el<\/span><span><span class=\"Apple-converted-space\">&nbsp;<\/span><\/span><a href=\"https:\/\/es.m.wikipedia.org\/wiki\/Dibujante\" title=\"Dibujante\">dibujante<\/a><span><span class=\"Apple-converted-space\">&nbsp;<\/span><\/span><span>y<\/span><span><span class=\"Apple-converted-space\">&nbsp;<\/span><\/span><a href=\"https:\/\/es.m.wikipedia.org\/wiki\/Guionista\" title=\"Guionista\">guionista<\/a><span><span class=\"Apple-converted-space\">&nbsp;<\/span><\/span><a href=\"https:\/\/es.m.wikipedia.org\/wiki\/Jap%C3%B3n\" title=\"Jap\u00f3n\">japon\u00e9s<\/a><span><span class=\"Apple-converted-space\">&nbsp;<\/span><\/span><a href=\"https:\/\/es.m.wikipedia.org\/wiki\/G%C5%8D_Nagai\" title=\"G\u014d Nagai\">G\u014d Nagai<\/a><span>.<\/span><sup id=\"cite_ref-LP_4-1\" class=\"reference separada\"><a href=\"https:\/\/es.m.wikipedia.org\/wiki\/Mazinger_Z#cite_note-LP-4\" style=\"color: var(--color-visited,#6b4ba1);text-decoration: none;background: none\"><span class=\"corchete-llamada\">[<\/span>4<span class=\"corchete-llamada\">]<\/span><\/a><\/sup><span>En el estilo de ficci\u00f3n, Mazinger Z fue el primer robot gigante tripulado por un protagonista, marcando las bases del g\u00e9nero<\/span><span><span class=\"Apple-converted-space\">&nbsp;<\/span><\/span><i style=\"font-style: italic\"><a href=\"https:\/\/es.m.wikipedia.org\/wiki\/Mecha_(ciencia_ficci%C3%B3n)\" title=\"Mecha (ciencia ficci\u00f3n)\">mecha<\/a><\/i><span>,<\/span><sup id=\"cite_ref-Alfonso_1-1\" class=\"reference separada\"><a href=\"https:\/\/es.m.wikipedia.org\/wiki\/Mazinger_Z#cite_note-Alfonso-1\" style=\"color: var(--color-visited,#6b4ba1);text-decoration: none;background: none\"><span class=\"corchete-llamada\">[<\/span>1<span class=\"corchete-llamada\">]<\/span><\/a><\/sup><span>que tomar\u00eda fuerza tras el \u00e9xito de esta franquicia.<\/span><sup id=\"cite_ref-DIA_6-0\" class=\"reference separada\"><a href=\"https:\/\/es.m.wikipedia.org\/wiki\/Mazinger_Z#cite_note-DIA-6\" style=\"color: var(--color-visited,#6b4ba1);text-decoration: none;background: none\"><span class=\"corchete-llamada\">[<\/span>6<span class=\"corchete-llamada\">]<\/span><\/a><\/sup><span class=\"corchete-llamada\"><sup id=\"cite_ref-:0_7-0\" class=\"reference separada\"><a href=\"https:\/\/es.m.wikipedia.org\/wiki\/Mazinger_Z#cite_note-:0-7\" style=\"color: var(--color-visited,#6b4ba1);text-decoration: none;background: none\">[<\/a><\/sup><\/span><sup id=\"cite_ref-:0_7-0\" class=\"reference separada\"><a href=\"https:\/\/es.m.wikipedia.org\/wiki\/Mazinger_Z#cite_note-:0-7\" style=\"color: var(--color-visited,#6b4ba1);text-decoration: none;background: none\">7<span class=\"corchete-llamada\">]<\/span><\/a><\/sup><\/p>\n","protected":false},"excerpt":{"rendered":"<p>V\u00eddeo DVD Mazinger Z &#8211; Episodio 20 Cap\u00edtulo:Rencor! El d\u00eda m\u00e1s largo de la mansi\u00f3n Kurogane! 3a Parte Colecci\u00f3n de El Mundo Mazinger Z&nbsp;(\u30de\u30b8\u30f3\u30ac\u30fcZ&nbsp;Majing\u0101 Zetto?)&nbsp;es una serie de&nbsp;manga&nbsp;y&nbsp;anime&nbsp;creada por el&nbsp;dibujante&nbsp;y&nbsp;guionista&nbsp;japon\u00e9s&nbsp;G\u014d Nagai.[4]En el estilo de ficci\u00f3n, Mazinger Z fue el primer robot gigante tripulado por un protagonista, marcando las bases del g\u00e9nero&nbsp;mecha,[1]que tomar\u00eda fuerza tras el &hellip;<\/p>\n<p class=\"read-more\"> <a class=\" thunk-readmore button \" href=\"https:\/\/filatelia.cuentista.es\/en\/product\/video-dvd-mazinger-z-episodio-26-2-2-2\"> <span class=\"screen-reader-text\">Video DVD Mazinger Z &#8211; Episodio 20<\/span>Read More<\/a><\/p>\n","protected":false},"featured_media":1476,"comment_status":"open","ping_status":"closed","template":"","meta":{"_acf_changed":false},"product_brand":[],"product_cat":[736],"product_tag":[738,740,741,742,739,737],"class_list":{"0":"post-1475","1":"product","2":"type-product","3":"status-publish","4":"has-post-thumbnail","6":"product_cat-video-dvd","7":"product_tag-anime","8":"product_tag-comic","9":"product_tag-dvd","10":"product_tag-japon","11":"product_tag-manga","12":"product_tag-mazinger","13":"thunk-woo-product-list","14":"opn-qv-enable","15":"open-woo-hover-zoom","16":"open-single-product-tab-horizontal","17":"open-shadow-","18":"open-shadow-hover-","20":"first","21":"instock","22":"sale","23":"shipping-taxable","24":"purchasable","25":"product-type-simple"},"acf":[],"jetpack_sharing_enabled":true,"_links":{"self":[{"href":"https:\/\/filatelia.cuentista.es\/en\/wp-json\/wp\/v2\/product\/1475","targetHints":{"allow":["GET"]}}],"collection":[{"href":"https:\/\/filatelia.cuentista.es\/en\/wp-json\/wp\/v2\/product"}],"about":[{"href":"https:\/\/filatelia.cuentista.es\/en\/wp-json\/wp\/v2\/types\/product"}],"replies":[{"embeddable":true,"href":"https:\/\/filatelia.cuentista.es\/en\/wp-json\/wp\/v2\/comments?post=1475"}],"wp:featuredmedia":[{"embeddable":true,"href":"https:\/\/filatelia.cuentista.es\/en\/wp-json\/wp\/v2\/media\/1476"}],"wp:attachment":[{"href":"https:\/\/filatelia.cuentista.es\/en\/wp-json\/wp\/v2\/media?parent=1475"}],"wp:term":[{"taxonomy":"product_brand","embeddable":true,"href":"https:\/\/filatelia.cuentista.es\/en\/wp-json\/wp\/v2\/product_brand?post=1475"},{"taxonomy":"product_cat","embeddable":true,"href":"https:\/\/filatelia.cuentista.es\/en\/wp-json\/wp\/v2\/product_cat?post=1475"},{"taxonomy":"product_tag","embeddable":true,"href":"https:\/\/filatelia.cuentista.es\/en\/wp-json\/wp\/v2\/product_tag?post=1475"}],"curies":[{"name":"wp","href":"https:\/\/api.w.org\/{rel}","templated":true}]}}