{"id":1436,"date":"2024-08-11T16:07:03","date_gmt":"2024-08-11T16:07:03","guid":{"rendered":"https:\/\/filatelia.cuentista.es\/?post_type=product&#038;p=1436"},"modified":"2024-08-15T05:11:16","modified_gmt":"2024-08-15T05:11:16","slug":"pliego-de-100-sellos-de-espana-la-copla-1965-2-2-2-2-2","status":"publish","type":"product","link":"https:\/\/filatelia.cuentista.es\/en\/product\/pliego-de-100-sellos-de-espana-la-copla-1965-2-2-2-2-2","title":{"rendered":"Pliego incompleto de 25 valores de 25 c\u00e9ntimos de &#8216;P\u00f3rtico de la Gloria&#8217;, Catedral de Santiago de Compostela de 1961"},"content":{"rendered":"<p>Pliego incompleto de 25 valores de 25 c\u00e9ntimos de &#8216;P\u00f3rtico de la Gloria&#8217;, Catedral de Santiago de Compostela de 1961<\/p>\n<div class=\"woocommerce-tabs wc-tabs-wrapper\" style=\"margin: 30px 0px 45px;padding: 0px;font-size: 14px;vertical-align: baseline;background: none;clear: both\">\n<div class=\"woocommerce-Tabs-panel woocommerce-Tabs-panel--description panel entry-content wc-tab\" id=\"tab-description\" role=\"tabpanel\" aria-labelledby=\"tab-title-description\" style=\"margin: 0px;padding: 30px;border: 0px;font-size: 14px;vertical-align: baseline;background: none\">\n<p style=\"margin: 0px;padding: 0px 0px 1em;border: 0px;font-size: 14px;vertical-align: baseline;background: none\">El P\u00f3rtico de la Gloria de la Catedral de Santiago de Compostela es un p\u00f3rtico de estilo rom\u00e1nico realizado por el Maestro Mateo y sus colaboradores (su obradoiro o taller) por encargo del rey de Galicia y Le\u00f3n Fernando II, quien don\u00f3 a tal efecto cien morabetinos anuales, entre 1168 y 1188, fecha esta \u00faltima que consta inscrita en la piedra como indicativa de su finalizaci\u00f3n.<\/p>\n<p style=\"margin: 0px;padding: 0px 0px 1em;border: 0px;font-size: 14px;vertical-align: baseline;background: none\">Antes de comenzar los trabajos del P\u00f3rtico, su taller termin\u00f3 las naves de la Catedral teniendo para ello que construir una novedosa cripta para salvar el desnivel entre las naves y el terreno de alrededor.<\/p>\n<p style=\"margin: 0px;padding: 0px 0px 1em;border: 0px;font-size: 14px;vertical-align: baseline;background: none\">El 1 de abril de 1188 se colocaron los dinteles del P\u00f3rtico y la conclusi\u00f3n del conjunto se demor\u00f3 hasta el a\u00f1o 1211, en el que se consagr\u00f3 el templo con la presencia del rey Afonso IX.<\/p>\n<p style=\"margin: 0px;padding: 0px;border: 0px;font-size: 14px;vertical-align: baseline;background: none\"><strong style=\"margin: 0px;padding: 0px;border: 0px;font-size: 14px;vertical-align: baseline;background: none;font-weight: 700\">Edifil 1365. VII Exposici\u00f3n del Consejo de Europa. P\u00f3rtico de la Gloria<\/strong><\/p>\n<\/div>\n<\/div>\n<p>A\u00f1o De Emisi\u00f3n<\/p>\n<p>1961<\/p>\n<p>Fecha De Emisi\u00f3n<\/p>\n<p>24 de julio 1961<\/p>\n<p>N\u00famero EDIFIL<\/p>\n<p>1365<\/p>\n<p>T\u00edtulo Serie<\/p>\n<p>VII Exposici\u00f3n del Consejo de Europa<\/p>\n<p>Motivo Sello<\/p>\n<p>P\u00f3rtico de la Gloria<\/p>\n<p>Facial<\/p>\n<p>25 cts.<\/p>\n<p>Formato<\/p>\n<p>28,8 x 33,2 mm<\/p>\n<p>Color<\/p>\n<p>gris negruzco y oro<\/p>\n<p>Dentado<\/p>\n<p>12 3\/4<\/p>\n<p>Grabador<\/p>\n<p>S\u00e1nchez Algora<\/p>\n<p>Impresi\u00f3n<\/p>\n<p>Huecograbado<\/p>\n<p>Imprenta<\/p>\n<p>F\u00e1brica Nacional de Moneda y Timbre<\/p>\n<p>Tirada<\/p>\n<p>3.500.000<\/p>\n<p>Efectos Por Pliego<\/p>\n<p>100<\/p>\n<p>Validez Postal<\/p>\n<p>indefinida<\/p>\n<p>Valores De La Serie<\/p>\n<p>4 (1365-1368)<\/p>","protected":false},"excerpt":{"rendered":"<p>Pliego incompleto de 25 valores de 25 c\u00e9ntimos de &#8216;P\u00f3rtico de la Gloria&#8217;, Catedral de Santiago de Compostela de 1961 El P\u00f3rtico de la Gloria de la Catedral de Santiago de Compostela es un p\u00f3rtico de estilo rom\u00e1nico realizado por el Maestro Mateo y sus colaboradores (su obradoiro o taller) por encargo del rey de &hellip;<\/p>\n<p class=\"read-more\"> <a class=\"thunk-readmore button\" href=\"https:\/\/filatelia.cuentista.es\/en\/product\/pliego-de-100-sellos-de-espana-la-copla-1965-2-2-2-2-2\"> <span class=\"screen-reader-text\">Pliego incompleto de 25 valores de 25 c\u00e9ntimos de &#8216;P\u00f3rtico de la Gloria&#8217;, Catedral de Santiago de Compostela de 1961<\/span>Read More<\/a><\/p>","protected":false},"featured_media":1437,"comment_status":"open","ping_status":"closed","template":"","meta":{"_acf_changed":false},"product_brand":[],"product_cat":[663,660,21],"product_tag":[74,101,297,723],"class_list":{"0":"post-1436","1":"product","2":"type-product","3":"status-publish","4":"has-post-thumbnail","6":"product_cat-espana","7":"product_cat-pliego","8":"product_cat-sellos-nuevos","9":"product_tag-74","10":"product_tag-espana","11":"product_tag-pliego","12":"product_tag-portico-de-la-gloria","13":"thunk-woo-product-list","14":"opn-qv-enable","15":"open-woo-hover-zoom","16":"open-single-product-tab-horizontal","17":"open-shadow-","18":"open-shadow-hover-","20":"first","21":"instock","22":"sale","23":"shipping-taxable","24":"purchasable","25":"product-type-simple"},"acf":[],"jetpack_sharing_enabled":true,"_links":{"self":[{"href":"https:\/\/filatelia.cuentista.es\/en\/wp-json\/wp\/v2\/product\/1436","targetHints":{"allow":["GET"]}}],"collection":[{"href":"https:\/\/filatelia.cuentista.es\/en\/wp-json\/wp\/v2\/product"}],"about":[{"href":"https:\/\/filatelia.cuentista.es\/en\/wp-json\/wp\/v2\/types\/product"}],"replies":[{"embeddable":true,"href":"https:\/\/filatelia.cuentista.es\/en\/wp-json\/wp\/v2\/comments?post=1436"}],"wp:featuredmedia":[{"embeddable":true,"href":"https:\/\/filatelia.cuentista.es\/en\/wp-json\/wp\/v2\/media\/1437"}],"wp:attachment":[{"href":"https:\/\/filatelia.cuentista.es\/en\/wp-json\/wp\/v2\/media?parent=1436"}],"wp:term":[{"taxonomy":"product_brand","embeddable":true,"href":"https:\/\/filatelia.cuentista.es\/en\/wp-json\/wp\/v2\/product_brand?post=1436"},{"taxonomy":"product_cat","embeddable":true,"href":"https:\/\/filatelia.cuentista.es\/en\/wp-json\/wp\/v2\/product_cat?post=1436"},{"taxonomy":"product_tag","embeddable":true,"href":"https:\/\/filatelia.cuentista.es\/en\/wp-json\/wp\/v2\/product_tag?post=1436"}],"curies":[{"name":"wp","href":"https:\/\/api.w.org\/{rel}","templated":true}]}}