{"id":1408,"date":"2024-08-10T14:44:29","date_gmt":"2024-08-10T14:44:29","guid":{"rendered":"https:\/\/filatelia.cuentista.es\/?post_type=product&#038;p=1408"},"modified":"2024-08-10T14:50:34","modified_gmt":"2024-08-10T14:50:34","slug":"pliego-de-100-sellos-de-espana-la-copla-1965-2-2-2","status":"publish","type":"product","link":"https:\/\/filatelia.cuentista.es\/en\/product\/pliego-de-100-sellos-de-espana-la-copla-1965-2-2-2","title":{"rendered":"Pliego incompleto de 70 sellos de Espa\u00f1a &#8211; Mi t\u00edo Daniel &#8211; Zuloaga"},"content":{"rendered":"<p>Pliego incompleto de 70 valores de 50 c\u00e9ntimos de la obra Mi t\u00edo Daniel de Zuloaga d<span style=\"font-family: Poppins, sans-serif;font-size: 13px;font-style: normal;font-weight: 400;letter-spacing: normal;text-align: start;text-indent: 0px;text-transform: none;text-decoration: none;float: none\">e 1971. <\/span><\/p>\n<p><span style=\"font-family: Poppins, sans-serif;font-size: 13px;font-style: normal;font-weight: 400;letter-spacing: normal;text-align: start;text-indent: 0px;text-transform: none;text-decoration: none;float: none\">24 mar. Ignacio de Zuloaga y Zabaleta (1870-1945).<\/span><span style=\"font-family: Poppins, sans-serif;font-size: 13px;font-style: normal;font-weight: 400;letter-spacing: normal;text-align: start;text-indent: 0px;text-transform: none;text-decoration: none;float: none\"><span class=\"Apple-converted-space\">&nbsp;<\/span><\/span><br \/>\n<span style=\"font-family: Poppins, sans-serif;font-size: 13px;font-style: normal;font-weight: 400;letter-spacing: normal;text-align: start;text-indent: 0px;text-transform: none;text-decoration: none;float: none\">D\u00eda del sello.<\/span><span style=\"font-family: Poppins, sans-serif;font-size: 13px;font-style: normal;font-weight: 400;letter-spacing: normal;text-align: start;text-indent: 0px;text-transform: none;text-decoration: none;float: none\"><span class=\"Apple-converted-space\">&nbsp;<\/span><\/span><\/p>\n<p><span style=\"font-family: Poppins, sans-serif;font-size: 13px;font-style: normal;font-weight: 400;letter-spacing: normal;text-align: start;text-indent: 0px;text-transform: none;text-decoration: none;float: none\">Motivos:<\/span><span style=\"font-family: Poppins, sans-serif;font-size: 13px;font-style: normal;font-weight: 400;letter-spacing: normal;text-align: start;text-indent: 0px;text-transform: none;text-decoration: none;float: none\"><span class=\"Apple-converted-space\">&nbsp;<\/span><\/span><br \/>\n<span style=\"font-family: Poppins, sans-serif;font-size: 13px;font-style: normal;font-weight: 400;letter-spacing: normal;text-align: start;text-indent: 0px;text-transform: none;text-decoration: none;float: none\">2019, \u00abMi t\u00edo Daniel\u00bb;<\/span><span style=\"font-family: Poppins, sans-serif;font-size: 13px;font-style: normal;font-weight: 400;letter-spacing: normal;text-align: start;text-indent: 0px;text-transform: none;text-decoration: none;float: none\"><span class=\"Apple-converted-space\">&nbsp;<\/span><\/span><br \/>\n<span style=\"font-family: Poppins, sans-serif;font-size: 13px;font-style: normal;font-weight: 400;letter-spacing: normal;text-align: start;text-indent: 0px;text-transform: none;text-decoration: none;float: none\">2020, \u00abVista de Segovia\u00bb;<\/span><span style=\"font-family: Poppins, sans-serif;font-size: 13px;font-style: normal;font-weight: 400;letter-spacing: normal;text-align: start;text-indent: 0px;text-transform: none;text-decoration: none;float: none\"><span class=\"Apple-converted-space\">&nbsp;<\/span><\/span><br \/>\n<span style=\"font-family: Poppins, sans-serif;font-size: 13px;font-style: normal;font-weight: 400;letter-spacing: normal;text-align: start;text-indent: 0px;text-transform: none;text-decoration: none;float: none\">2021, \u00abDuquesa de Alba\u00bb;<\/span><span style=\"font-family: Poppins, sans-serif;font-size: 13px;font-style: normal;font-weight: 400;letter-spacing: normal;text-align: start;text-indent: 0px;text-transform: none;text-decoration: none;float: none\"><span class=\"Apple-converted-space\">&nbsp;<\/span><\/span><br \/>\n<span style=\"font-family: Poppins, sans-serif;font-size: 13px;font-style: normal;font-weight: 400;letter-spacing: normal;text-align: start;text-indent: 0px;text-transform: none;text-decoration: none;float: none\">2022, \u00abAutorretrato\u00bb;<\/span><span style=\"font-family: Poppins, sans-serif;font-size: 13px;font-style: normal;font-weight: 400;letter-spacing: normal;text-align: start;text-indent: 0px;text-transform: none;text-decoration: none;float: none\"><span class=\"Apple-converted-space\">&nbsp;<\/span><\/span><br \/>\n<span style=\"font-family: Poppins, sans-serif;font-size: 13px;font-style: normal;font-weight: 400;letter-spacing: normal;text-align: start;text-indent: 0px;text-transform: none;text-decoration: none;float: none\">2023, \u00abJuan Belmonte\u00bb;<\/span><span style=\"font-family: Poppins, sans-serif;font-size: 13px;font-style: normal;font-weight: 400;letter-spacing: normal;text-align: start;text-indent: 0px;text-transform: none;text-decoration: none;float: none\"><span class=\"Apple-converted-space\">&nbsp;<\/span><\/span><br \/>\n<span style=\"font-family: Poppins, sans-serif;font-size: 13px;font-style: normal;font-weight: 400;letter-spacing: normal;text-align: start;text-indent: 0px;text-transform: none;text-decoration: none;float: none\">2024, \u00abCondesa de Noailles\u00bb;<\/span><span style=\"font-family: Poppins, sans-serif;font-size: 13px;font-style: normal;font-weight: 400;letter-spacing: normal;text-align: start;text-indent: 0px;text-transform: none;text-decoration: none;float: none\"><span class=\"Apple-converted-space\">&nbsp;<\/span><\/span><br \/>\n<span style=\"font-family: Poppins, sans-serif;font-size: 13px;font-style: normal;font-weight: 400;letter-spacing: normal;text-align: start;text-indent: 0px;text-transform: none;text-decoration: none;float: none\">2025, \u00abPablo Uranga\u00bb;<\/span><span style=\"font-family: Poppins, sans-serif;font-size: 13px;font-style: normal;font-weight: 400;letter-spacing: normal;text-align: start;text-indent: 0px;text-transform: none;text-decoration: none;float: none\"><span class=\"Apple-converted-space\">&nbsp;<\/span><\/span><br \/>\n<span style=\"font-family: Poppins, sans-serif;font-size: 13px;font-style: normal;font-weight: 400;letter-spacing: normal;text-align: start;text-indent: 0px;text-transform: none;text-decoration: none;float: none\">2026, \u00abCasas del Botero en Lerma\u00bb.<\/span><span style=\"font-family: Poppins, sans-serif;font-size: 13px;font-style: normal;font-weight: 400;letter-spacing: normal;text-align: start;text-indent: 0px;text-transform: none;text-decoration: none;float: none\"><span class=\"Apple-converted-space\">&nbsp;<\/span><\/span><br \/>\n<span style=\"font-family: Poppins, sans-serif;font-size: 13px;font-style: normal;font-weight: 400;letter-spacing: normal;text-align: start;text-indent: 0px;text-transform: none;text-decoration: none;float: none\">Impresos en huecograbado.<\/span><span style=\"font-family: Poppins, sans-serif;font-size: 13px;font-style: normal;font-weight: 400;letter-spacing: normal;text-align: start;text-indent: 0px;text-transform: none;text-decoration: none;float: none\"><span class=\"Apple-converted-space\">&nbsp;<\/span><\/span><br \/>\n<span style=\"font-family: Poppins, sans-serif;font-size: 13px;font-style: normal;font-weight: 400;letter-spacing: normal;text-align: start;text-indent: 0px;text-transform: none;text-decoration: none;float: none\">Tama\u00f1os:<\/span><span style=\"font-family: Poppins, sans-serif;font-size: 13px;font-style: normal;font-weight: 400;letter-spacing: normal;text-align: start;text-indent: 0px;text-transform: none;text-decoration: none;float: none\"><span class=\"Apple-converted-space\">&nbsp;<\/span><\/span><br \/>\n<span style=\"font-family: Poppins, sans-serif;font-size: 13px;font-style: normal;font-weight: 400;letter-spacing: normal;text-align: start;text-indent: 0px;text-transform: none;text-decoration: none;float: none\">2019 y 2021 al 2025, 28,8 x 40,9 mm<\/span><br \/>\n<span style=\"font-family: Poppins, sans-serif;font-size: 13px;font-style: normal;font-weight: 400;letter-spacing: normal;text-align: start;text-indent: 0px;text-transform: none;text-decoration: none;float: none\">2020 y 2026, 40,9 x 28,8 mm.<\/span><span style=\"font-family: Poppins, sans-serif;font-size: 13px;font-style: normal;font-weight: 400;letter-spacing: normal;text-align: start;text-indent: 0px;text-transform: none;text-decoration: none;float: none\"><span class=\"Apple-converted-space\">&nbsp;<\/span><\/span><br \/>\n<span style=\"font-family: Poppins, sans-serif;font-size: 13px;font-style: normal;font-weight: 400;letter-spacing: normal;text-align: start;text-indent: 0px;text-transform: none;text-decoration: none;float: none\">Pliegos de 80 sellos.<\/span><span style=\"font-family: Poppins, sans-serif;font-size: 13px;font-style: normal;font-weight: 400;letter-spacing: normal;text-align: start;text-indent: 0px;text-transform: none;text-decoration: none;float: none\"><span class=\"Apple-converted-space\">&nbsp;<\/span><\/span><br \/>\n<span style=\"font-family: Poppins, sans-serif;font-size: 13px;font-style: normal;font-weight: 400;letter-spacing: normal;text-align: start;text-indent: 0px;text-transform: none;text-decoration: none;float: none\">Dentado 13.<\/span><span style=\"font-family: Poppins, sans-serif;font-size: 13px;font-style: normal;font-weight: 400;letter-spacing: normal;text-align: start;text-indent: 0px;text-transform: none;text-decoration: none;float: none\"><span class=\"Apple-converted-space\">&nbsp;<\/span><\/span><br \/>\n<span style=\"font-family: Poppins, sans-serif;font-size: 13px;font-style: normal;font-weight: 400;letter-spacing: normal;text-align: start;text-indent: 0px;text-transform: none;text-decoration: none;float: none\">Tirada: 8.000.000 de cada valor.<\/span><\/p>","protected":false},"excerpt":{"rendered":"<p>Pliego incompleto de 70 valores de 50 c\u00e9ntimos de la obra Mi t\u00edo Daniel de Zuloaga de 1971. 24 mar. Ignacio de Zuloaga y Zabaleta (1870-1945).&nbsp; D\u00eda del sello.&nbsp; Motivos:&nbsp; 2019, \u00abMi t\u00edo Daniel\u00bb;&nbsp; 2020, \u00abVista de Segovia\u00bb;&nbsp; 2021, \u00abDuquesa de Alba\u00bb;&nbsp; 2022, \u00abAutorretrato\u00bb;&nbsp; 2023, \u00abJuan Belmonte\u00bb;&nbsp; 2024, \u00abCondesa de Noailles\u00bb;&nbsp; 2025, \u00abPablo Uranga\u00bb;&nbsp; 2026, &hellip;<\/p>\n<p class=\"read-more\"> <a class=\"thunk-readmore button\" href=\"https:\/\/filatelia.cuentista.es\/en\/product\/pliego-de-100-sellos-de-espana-la-copla-1965-2-2-2\"> <span class=\"screen-reader-text\">Pliego incompleto de 70 sellos de Espa\u00f1a &#8211; Mi t\u00edo Daniel &#8211; Zuloaga<\/span>Read More<\/a><\/p>","protected":false},"featured_media":1409,"comment_status":"open","ping_status":"closed","template":"","meta":{"_acf_changed":false},"product_brand":[],"product_cat":[663,660,21],"product_tag":[686,101,44,297],"class_list":{"0":"post-1408","1":"product","2":"type-product","3":"status-publish","4":"has-post-thumbnail","6":"product_cat-espana","7":"product_cat-pliego","8":"product_cat-sellos-nuevos","9":"product_tag-686","10":"product_tag-espana","11":"product_tag-pintura","12":"product_tag-pliego","13":"thunk-woo-product-list","14":"opn-qv-enable","15":"open-woo-hover-zoom","16":"open-single-product-tab-horizontal","17":"open-shadow-","18":"open-shadow-hover-","20":"first","21":"instock","22":"sale","23":"shipping-taxable","24":"purchasable","25":"product-type-simple"},"acf":[],"jetpack_sharing_enabled":true,"_links":{"self":[{"href":"https:\/\/filatelia.cuentista.es\/en\/wp-json\/wp\/v2\/product\/1408","targetHints":{"allow":["GET"]}}],"collection":[{"href":"https:\/\/filatelia.cuentista.es\/en\/wp-json\/wp\/v2\/product"}],"about":[{"href":"https:\/\/filatelia.cuentista.es\/en\/wp-json\/wp\/v2\/types\/product"}],"replies":[{"embeddable":true,"href":"https:\/\/filatelia.cuentista.es\/en\/wp-json\/wp\/v2\/comments?post=1408"}],"wp:featuredmedia":[{"embeddable":true,"href":"https:\/\/filatelia.cuentista.es\/en\/wp-json\/wp\/v2\/media\/1409"}],"wp:attachment":[{"href":"https:\/\/filatelia.cuentista.es\/en\/wp-json\/wp\/v2\/media?parent=1408"}],"wp:term":[{"taxonomy":"product_brand","embeddable":true,"href":"https:\/\/filatelia.cuentista.es\/en\/wp-json\/wp\/v2\/product_brand?post=1408"},{"taxonomy":"product_cat","embeddable":true,"href":"https:\/\/filatelia.cuentista.es\/en\/wp-json\/wp\/v2\/product_cat?post=1408"},{"taxonomy":"product_tag","embeddable":true,"href":"https:\/\/filatelia.cuentista.es\/en\/wp-json\/wp\/v2\/product_tag?post=1408"}],"curies":[{"name":"wp","href":"https:\/\/api.w.org\/{rel}","templated":true}]}}