{"id":1405,"date":"2024-08-10T14:24:47","date_gmt":"2024-08-10T14:24:47","guid":{"rendered":"https:\/\/filatelia.cuentista.es\/?post_type=product&#038;p=1405"},"modified":"2024-11-03T06:28:36","modified_gmt":"2024-11-03T06:28:36","slug":"pliego-de-100-sellos-de-espana-la-copla-1965-2-2","status":"publish","type":"product","link":"https:\/\/filatelia.cuentista.es\/en\/product\/pliego-de-100-sellos-de-espana-la-copla-1965-2-2","title":{"rendered":"Pliego de 100 sellos de Espa\u00f1a &#8211; Santa In\u00e9s de Alonso Cano &#8211; 1969"},"content":{"rendered":"<p>Pliego completo de 100 valores de 40 c\u00e9ntimos de la obra Santa In\u00e9s de Alonso Cano de 196<span style=\"font-family: Poppins, sans-serif; font-size: 13px; font-style: normal; font-weight: 400; letter-spacing: normal; text-align: start; text-indent: 0px; text-transform: none; text-decoration: none; float: none;\">9<\/span><\/p>\n<p><span style=\"font-family: Poppins, sans-serif; font-size: 13px; font-style: normal; font-weight: 400; letter-spacing: normal; text-align: start; text-indent: 0px; text-transform: none; text-decoration: none; float: none;\">1969. 24 mar. Alonso Cano (1601-1667).<\/span><span style=\"font-family: Poppins, sans-serif; font-size: 13px; font-style: normal; font-weight: 400; letter-spacing: normal; text-align: start; text-indent: 0px; text-transform: none; text-decoration: none; float: none;\"><span class=\"Apple-converted-space\">\u00a0<\/span><\/span><br \/>\n<span style=\"font-family: Poppins, sans-serif; font-size: 13px; font-style: normal; font-weight: 400; letter-spacing: normal; text-align: start; text-indent: 0px; text-transform: none; text-decoration: none; float: none;\">D\u00eda del sello.<\/span><span style=\"font-family: Poppins, sans-serif; font-size: 13px; font-style: normal; font-weight: 400; letter-spacing: normal; text-align: start; text-indent: 0px; text-transform: none; text-decoration: none; float: none;\"><span class=\"Apple-converted-space\">\u00a0<\/span><\/span><\/p>\n<p><span style=\"font-family: Poppins, sans-serif; font-size: 13px; font-style: normal; font-weight: 400; letter-spacing: normal; text-align: start; text-indent: 0px; text-transform: none; text-decoration: none; float: none;\">O. M. de 7 de diciembre de 1968.<\/span><span style=\"font-family: Poppins, sans-serif; font-size: 13px; font-style: normal; font-weight: 400; letter-spacing: normal; text-align: start; text-indent: 0px; text-transform: none; text-decoration: none; float: none;\"><span class=\"Apple-converted-space\">\u00a0<\/span><\/span><br \/>\n<span style=\"font-family: Poppins, sans-serif; font-size: 13px; font-style: normal; font-weight: 400; letter-spacing: normal; text-align: start; text-indent: 0px; text-transform: none; text-decoration: none; float: none;\">Motivos: 1910, \u00abSanta In\u00e9s\u00bb; 1911, \u00abSan Jos\u00e9\u00bb; 1912, \u00abCristo muerto, sostenido por un \u00e1ngel\u00bb; 1913, \u00abRetrato de Alonso Cano\u00bb, de Vel\u00e1zquez; 1914, \u00abSagrada Familia\u00bb; 1915, \u00abLa Circuncisi\u00f3n\u00bb; 1916, \u00abJes\u00fas y la Samaritana\u00bb; 1917, \u00abLa Virgen con el Ni\u00f1o\u00bb; 1918, \u00abSan Juan Capistrano y San Bernardino\u00bb; 1919, \u00abVisi\u00f3n de San Juan Evangelista\u00bb.<\/span><span style=\"font-family: Poppins, sans-serif; font-size: 13px; font-style: normal; font-weight: 400; letter-spacing: normal; text-align: start; text-indent: 0px; text-transform: none; text-decoration: none; float: none;\"><span class=\"Apple-converted-space\">\u00a0<\/span><\/span><br \/>\n<span style=\"font-family: Poppins, sans-serif; font-size: 13px; font-style: normal; font-weight: 400; letter-spacing: normal; text-align: start; text-indent: 0px; text-transform: none; text-decoration: none; float: none;\">Impresos en huecograbado.<\/span><span style=\"font-family: Poppins, sans-serif; font-size: 13px; font-style: normal; font-weight: 400; letter-spacing: normal; text-align: start; text-indent: 0px; text-transform: none; text-decoration: none; float: none;\"><span class=\"Apple-converted-space\">\u00a0<\/span><\/span><br \/>\n<span style=\"font-family: Poppins, sans-serif; font-size: 13px; font-style: normal; font-weight: 400; letter-spacing: normal; text-align: start; text-indent: 0px; text-transform: none; text-decoration: none; float: none;\">Tama\u00f1os:<\/span><span style=\"font-family: Poppins, sans-serif; font-size: 13px; font-style: normal; font-weight: 400; letter-spacing: normal; text-align: start; text-indent: 0px; text-transform: none; text-decoration: none; float: none;\"><span class=\"Apple-converted-space\">\u00a0<\/span><\/span><br \/>\n<span style=\"font-family: Poppins, sans-serif; font-size: 13px; font-style: normal; font-weight: 400; letter-spacing: normal; text-align: start; text-indent: 0px; text-transform: none; text-decoration: none; float: none;\">1910 al 1917 y 1919, 28,8 x 33,2 mm<\/span><br \/>\n<span style=\"font-family: Poppins, sans-serif; font-size: 13px; font-style: normal; font-weight: 400; letter-spacing: normal; text-align: start; text-indent: 0px; text-transform: none; text-decoration: none; float: none;\">1918, 33,2 x 28,8 mm.<\/span><span style=\"font-family: Poppins, sans-serif; font-size: 13px; font-style: normal; font-weight: 400; letter-spacing: normal; text-align: start; text-indent: 0px; text-transform: none; text-decoration: none; float: none;\"><span class=\"Apple-converted-space\">\u00a0<\/span><\/span><br \/>\n<span style=\"font-family: Poppins, sans-serif; font-size: 13px; font-style: normal; font-weight: 400; letter-spacing: normal; text-align: start; text-indent: 0px; text-transform: none; text-decoration: none; float: none;\">Pliegos de 100 sellos.<\/span><span style=\"font-family: Poppins, sans-serif; font-size: 13px; font-style: normal; font-weight: 400; letter-spacing: normal; text-align: start; text-indent: 0px; text-transform: none; text-decoration: none; float: none;\"><span class=\"Apple-converted-space\">\u00a0<\/span><\/span><br \/>\n<span style=\"font-family: Poppins, sans-serif; font-size: 13px; font-style: normal; font-weight: 400; letter-spacing: normal; text-align: start; text-indent: 0px; text-transform: none; text-decoration: none; float: none;\">Dentado 12 3\/4. Marco dorado.<\/span><span style=\"font-family: Poppins, sans-serif; font-size: 13px; font-style: normal; font-weight: 400; letter-spacing: normal; text-align: start; text-indent: 0px; text-transform: none; text-decoration: none; float: none;\"><span class=\"Apple-converted-space\">\u00a0<\/span><\/span><br \/>\n<span style=\"font-family: Poppins, sans-serif; font-size: 13px; font-style: normal; font-weight: 400; letter-spacing: normal; text-align: start; text-indent: 0px; text-transform: none; text-decoration: none; float: none;\">Tiradas:<\/span><span style=\"font-family: Poppins, sans-serif; font-size: 13px; font-style: normal; font-weight: 400; letter-spacing: normal; text-align: start; text-indent: 0px; text-transform: none; text-decoration: none; float: none;\"><span class=\"Apple-converted-space\">\u00a0<\/span><\/span><br \/>\n<span style=\"font-family: Poppins, sans-serif; font-size: 13px; font-style: normal; font-weight: 400; letter-spacing: normal; text-align: start; text-indent: 0px; text-transform: none; text-decoration: none; float: none;\">1910 al 1916, 1918 y 1919: 6.500.000<\/span><br \/>\n<span style=\"font-family: Poppins, sans-serif; font-size: 13px; font-style: normal; font-weight: 400; letter-spacing: normal; text-align: start; text-indent: 0px; text-transform: none; text-decoration: none; float: none;\">1917: 10.000.000.<\/span><\/p>","protected":false},"excerpt":{"rendered":"<p>Pliego completo de 100 valores de 40 c\u00e9ntimos de la obra Santa In\u00e9s de Alonso Cano de 196<span style=\"font-family: Poppins, sans-serif; font-size: 13px; font-style: normal; font-weight: 400; letter-spacing: normal; text-align: start; text-indent: 0px; text-transform: none; text-decoration: none; float: none;\">9<\/span><\/p>\n<p><span style=\"font-family: Poppins, sans-serif; font-size: 13px; font-style: normal; font-weight: 400; letter-spacing: normal; text-align: start; text-indent: 0px; text-transform: none; text-decoration: none; float: none;\">1969. 24 mar. Alonso Cano (1601-1667).<\/span><br \/>\n<span style=\"font-family: Poppins, sans-serif; font-size: 13px; font-style: normal; font-weight: 400; letter-spacing: normal; text-align: start; text-indent: 0px; text-transform: none; text-decoration: none; float: none;\">D\u00eda del sello.<\/span><\/p>","protected":false},"featured_media":1406,"comment_status":"open","ping_status":"closed","template":"","meta":{"_acf_changed":false},"product_brand":[],"product_cat":[663,660,21],"product_tag":[108,714,101,713],"class_list":{"0":"post-1405","1":"product","2":"type-product","3":"status-publish","4":"has-post-thumbnail","6":"product_cat-espana","7":"product_cat-pliego","8":"product_cat-sellos-nuevos","9":"product_tag-108","10":"product_tag-alonso-cano","11":"product_tag-espana","12":"product_tag-santa-ines","13":"thunk-woo-product-list","14":"opn-qv-enable","15":"open-woo-hover-zoom","16":"open-single-product-tab-horizontal","17":"open-shadow-","18":"open-shadow-hover-","20":"first","21":"instock","22":"sale","23":"shipping-taxable","24":"purchasable","25":"product-type-simple"},"acf":[],"jetpack_sharing_enabled":true,"_links":{"self":[{"href":"https:\/\/filatelia.cuentista.es\/en\/wp-json\/wp\/v2\/product\/1405","targetHints":{"allow":["GET"]}}],"collection":[{"href":"https:\/\/filatelia.cuentista.es\/en\/wp-json\/wp\/v2\/product"}],"about":[{"href":"https:\/\/filatelia.cuentista.es\/en\/wp-json\/wp\/v2\/types\/product"}],"replies":[{"embeddable":true,"href":"https:\/\/filatelia.cuentista.es\/en\/wp-json\/wp\/v2\/comments?post=1405"}],"wp:featuredmedia":[{"embeddable":true,"href":"https:\/\/filatelia.cuentista.es\/en\/wp-json\/wp\/v2\/media\/1406"}],"wp:attachment":[{"href":"https:\/\/filatelia.cuentista.es\/en\/wp-json\/wp\/v2\/media?parent=1405"}],"wp:term":[{"taxonomy":"product_brand","embeddable":true,"href":"https:\/\/filatelia.cuentista.es\/en\/wp-json\/wp\/v2\/product_brand?post=1405"},{"taxonomy":"product_cat","embeddable":true,"href":"https:\/\/filatelia.cuentista.es\/en\/wp-json\/wp\/v2\/product_cat?post=1405"},{"taxonomy":"product_tag","embeddable":true,"href":"https:\/\/filatelia.cuentista.es\/en\/wp-json\/wp\/v2\/product_tag?post=1405"}],"curies":[{"name":"wp","href":"https:\/\/api.w.org\/{rel}","templated":true}]}}