{"id":1400,"date":"2024-08-10T14:04:29","date_gmt":"2024-08-10T14:04:29","guid":{"rendered":"https:\/\/filatelia.cuentista.es\/product\/pliego-de-100-sellos-de-espana-la-copla-1965"},"modified":"2024-08-10T14:22:31","modified_gmt":"2024-08-10T14:22:31","slug":"pliego-de-100-sellos-de-espana-la-copla-1965","status":"publish","type":"product","link":"https:\/\/filatelia.cuentista.es\/en\/product\/pliego-de-100-sellos-de-espana-la-copla-1965","title":{"rendered":"Pliego de 100 sellos de Espa\u00f1a &#8211; La Copla &#8211; 1965"},"content":{"rendered":"<p>Pliego completo de 100 valores de 40 c\u00e9ntimos de la obra La Copla, del pintor J Romero de Torres del a\u00f1o 1965<\/p>\n<p>Catalog codes:<\/p>\n<p>Michel ES 1537<\/p>\n<p>Stamp Number ES 1297<\/p>\n<p>Yvert et Tellier ES 1313<\/p>\n<p>Stanley Gibbons ES 1719<\/p>\n<p>AFA number ES 1644<\/p>\n<p>Edifil ES 1658<\/p>\n<p>Tiraje 4.000.000<\/p>\n<p><span><i style=\"font-style: italic;font-family: -apple-system, BlinkMacSystemFont,\"><\/i><\/span><\/p>\n<p><span><i style=\"font-style: italic;font-family: -apple-system, BlinkMacSystemFont,\">La consagraci\u00f3n de la copla&nbsp;es un cuadro del pintor&nbsp;simbolista&nbsp;espa\u00f1ol&nbsp;Julio Romero de Torres&nbsp;realizado al \u00f3leo y temple sobre lienzo entre 1911 y 1912. Se encuentra expuesto en el&nbsp;Museo del Realismo&nbsp;de&nbsp;Almer\u00eda.<\/i><\/span><\/p>","protected":false},"excerpt":{"rendered":"<p>Pliego completo de 100 valores de 40 c\u00e9ntimos de la obra La Copla, del pintor J Romero de Torres del a\u00f1o 1965 Catalog codes: Michel ES 1537 Stamp Number ES 1297 Yvert et Tellier ES 1313 Stanley Gibbons ES 1719 AFA number ES 1644 Edifil ES 1658 Tiraje 4.000.000 La consagraci\u00f3n de la copla&nbsp;es un &hellip;<\/p>\n<p class=\"read-more\"> <a class=\"thunk-readmore button\" href=\"https:\/\/filatelia.cuentista.es\/en\/product\/pliego-de-100-sellos-de-espana-la-copla-1965\"> <span class=\"screen-reader-text\">Pliego de 100 sellos de Espa\u00f1a &#8211; La Copla &#8211; 1965<\/span>Read More<\/a><\/p>","protected":false},"featured_media":1401,"comment_status":"open","ping_status":"closed","template":"","meta":{"_acf_changed":false},"product_brand":[],"product_cat":[663,660,21],"product_tag":[162,101,710,297],"class_list":{"0":"post-1400","1":"product","2":"type-product","3":"status-publish","4":"has-post-thumbnail","6":"product_cat-espana","7":"product_cat-pliego","8":"product_cat-sellos-nuevos","9":"product_tag-162","10":"product_tag-espana","11":"product_tag-la-copla","12":"product_tag-pliego","13":"thunk-woo-product-list","14":"opn-qv-enable","15":"open-woo-hover-zoom","16":"open-single-product-tab-horizontal","17":"open-shadow-","18":"open-shadow-hover-","20":"first","21":"instock","22":"sale","23":"shipping-taxable","24":"purchasable","25":"product-type-simple"},"acf":[],"jetpack_sharing_enabled":true,"_links":{"self":[{"href":"https:\/\/filatelia.cuentista.es\/en\/wp-json\/wp\/v2\/product\/1400","targetHints":{"allow":["GET"]}}],"collection":[{"href":"https:\/\/filatelia.cuentista.es\/en\/wp-json\/wp\/v2\/product"}],"about":[{"href":"https:\/\/filatelia.cuentista.es\/en\/wp-json\/wp\/v2\/types\/product"}],"replies":[{"embeddable":true,"href":"https:\/\/filatelia.cuentista.es\/en\/wp-json\/wp\/v2\/comments?post=1400"}],"wp:featuredmedia":[{"embeddable":true,"href":"https:\/\/filatelia.cuentista.es\/en\/wp-json\/wp\/v2\/media\/1401"}],"wp:attachment":[{"href":"https:\/\/filatelia.cuentista.es\/en\/wp-json\/wp\/v2\/media?parent=1400"}],"wp:term":[{"taxonomy":"product_brand","embeddable":true,"href":"https:\/\/filatelia.cuentista.es\/en\/wp-json\/wp\/v2\/product_brand?post=1400"},{"taxonomy":"product_cat","embeddable":true,"href":"https:\/\/filatelia.cuentista.es\/en\/wp-json\/wp\/v2\/product_cat?post=1400"},{"taxonomy":"product_tag","embeddable":true,"href":"https:\/\/filatelia.cuentista.es\/en\/wp-json\/wp\/v2\/product_tag?post=1400"}],"curies":[{"name":"wp","href":"https:\/\/api.w.org\/{rel}","templated":true}]}}