{"id":1327,"date":"2024-08-09T20:29:35","date_gmt":"2024-08-09T20:29:35","guid":{"rendered":"https:\/\/filatelia.cuentista.es\/product\/carnet-de-6-valores-de-descubridores-y-navegantes-1988"},"modified":"2024-08-09T20:29:35","modified_gmt":"2024-08-09T20:29:35","slug":"carnet-de-6-valores-de-descubridores-y-navegantes-1988","status":"publish","type":"product","link":"https:\/\/filatelia.cuentista.es\/en\/product\/carnet-de-6-valores-de-descubridores-y-navegantes-1988","title":{"rendered":"Carnet de 6 Valores de Descubridores y Navegantes 1988"},"content":{"rendered":"<p>Carnet de 6 Valores de Descubridores y Navegantes con motivo de el V centenario del descubrimiento de Am\u00e9rica<\/p>\n<p>2969 C<\/p>\n<p>Emisi\u00f3n: V Centenario del Descubrimiento de<\/p>\n<p>Am\u00e9rica. Descubridores y Navegantes.<\/p>\n<p>Valores: 10, 20, 50, 10, 20 y 50 PTA.<\/p>\n<p>Fecha de emisi\u00f3n: 13 de octubre de 1988.<\/p>\n<p>Formato: 49,8 x 28,8 mm (horizontales).<\/p>\n<p>Procedimiento de estampaci\u00f3n: Calcograf\u00eda a<\/p>\n<p>tres colores.<\/p>\n<p>Papel: Estucado engomado mate fosforescente.<\/p>\n<p>Dentado: 13 \u00bc.<\/p>","protected":false},"excerpt":{"rendered":"<p>Carnet de 6 Valores de Descubridores y Navegantes con motivo de el V centenario del descubrimiento de Am\u00e9rica 2969 C Emisi\u00f3n: V Centenario del Descubrimiento de Am\u00e9rica. Descubridores y Navegantes. Valores: 10, 20, 50, 10, 20 y 50 PTA. Fecha de emisi\u00f3n: 13 de octubre de 1988. Formato: 49,8 x 28,8 mm (horizontales). Procedimiento de &hellip;<\/p>\n<p class=\"read-more\"> <a class=\"thunk-readmore button\" href=\"https:\/\/filatelia.cuentista.es\/en\/product\/carnet-de-6-valores-de-descubridores-y-navegantes-1988\"> <span class=\"screen-reader-text\">Carnet de 6 Valores de Descubridores y Navegantes 1988<\/span>Read More<\/a><\/p>","protected":false},"featured_media":1324,"comment_status":"open","ping_status":"closed","template":"","meta":{"_acf_changed":false},"product_brand":[],"product_cat":[663,311,21],"product_tag":[132,290,676,101,675],"class_list":{"0":"post-1327","1":"product","2":"type-product","3":"status-publish","4":"has-post-thumbnail","6":"product_cat-espana","7":"product_cat-carnet","8":"product_cat-sellos-nuevos","9":"product_tag-132","10":"product_tag-carnet","11":"product_tag-descubridores","12":"product_tag-espana","13":"product_tag-navegantes","14":"thunk-woo-product-list","15":"opn-qv-enable","16":"open-woo-hover-zoom","17":"open-single-product-tab-horizontal","18":"open-shadow-","19":"open-shadow-hover-","21":"first","22":"instock","23":"sale","24":"shipping-taxable","25":"purchasable","26":"product-type-simple"},"acf":[],"jetpack_sharing_enabled":true,"_links":{"self":[{"href":"https:\/\/filatelia.cuentista.es\/en\/wp-json\/wp\/v2\/product\/1327","targetHints":{"allow":["GET"]}}],"collection":[{"href":"https:\/\/filatelia.cuentista.es\/en\/wp-json\/wp\/v2\/product"}],"about":[{"href":"https:\/\/filatelia.cuentista.es\/en\/wp-json\/wp\/v2\/types\/product"}],"replies":[{"embeddable":true,"href":"https:\/\/filatelia.cuentista.es\/en\/wp-json\/wp\/v2\/comments?post=1327"}],"wp:featuredmedia":[{"embeddable":true,"href":"https:\/\/filatelia.cuentista.es\/en\/wp-json\/wp\/v2\/media\/1324"}],"wp:attachment":[{"href":"https:\/\/filatelia.cuentista.es\/en\/wp-json\/wp\/v2\/media?parent=1327"}],"wp:term":[{"taxonomy":"product_brand","embeddable":true,"href":"https:\/\/filatelia.cuentista.es\/en\/wp-json\/wp\/v2\/product_brand?post=1327"},{"taxonomy":"product_cat","embeddable":true,"href":"https:\/\/filatelia.cuentista.es\/en\/wp-json\/wp\/v2\/product_cat?post=1327"},{"taxonomy":"product_tag","embeddable":true,"href":"https:\/\/filatelia.cuentista.es\/en\/wp-json\/wp\/v2\/product_tag?post=1327"}],"curies":[{"name":"wp","href":"https:\/\/api.w.org\/{rel}","templated":true}]}}