{"id":132,"date":"2024-07-20T06:36:40","date_gmt":"2024-07-20T06:36:40","guid":{"rendered":"https:\/\/filatelia.cuentista.es\/product\/un-independencia-de-namibia-fs-110"},"modified":"2024-08-31T15:30:50","modified_gmt":"2024-08-31T15:30:50","slug":"un-independencia-de-namibia-fs-110","status":"publish","type":"product","link":"https:\/\/filatelia.cuentista.es\/en\/product\/un-independencia-de-namibia-fs-110","title":{"rendered":"Sobre Primer Dia 1979 &#8211; UN independencia de Namibia Fs 1,10"},"content":{"rendered":"<p>Dia de Emision : 5\/10\/1979<\/p>\n<p>Sobre Oficial de Ginebra : Official Geneva Cahet<\/p>\n<p>Mata sellado especial de Naciones Unidas<\/p>\n<p>Entre el 7 y el 11 de noviembre de 1989 se convocan\u00a0<a title=\"Elecciones generales de Namibia de 1989\" href=\"https:\/\/es.wikipedia.org\/wiki\/Elecciones_generales_de_Namibia_de_1989\">las elecciones<\/a>\u00a0supervisadas por la\u00a0<a class=\"new\" title=\"UNTAG (a\u00fan no redactado)\" href=\"https:\/\/es.wikipedia.org\/w\/index.php?title=UNTAG&amp;action=edit&amp;redlink=1\">UNTAG<\/a>. Votaron el 97\u00a0% de los 701\u00a0483 habitantes con derecho a voto.<sup id=\"cite_ref-namibia_3-5\" class=\"reference separada\"><a href=\"https:\/\/es.wikipedia.org\/wiki\/Historia_de_Namibia#cite_note-namibia-3\">3<\/a><\/sup>\u200b Como ya preve\u00eda Sud\u00e1frica, la SWAPO gan\u00f3 con un 56,5\u00a0% de los votos, seguido por la\u00a0<a class=\"mw-redirect\" title=\"Alianza Democr\u00e1tica de Turnhalle\" href=\"https:\/\/es.wikipedia.org\/wiki\/Alianza_Democr%C3%A1tica_de_Turnhalle\">Alianza Democr\u00e1tica de Turnhalle<\/a>\u00a0(DTA) con un 28,1\u00a0%. Siendo nombrado\u00a0<a title=\"Sam Nujoma\" href=\"https:\/\/es.wikipedia.org\/wiki\/Sam_Nujoma\">Sam Nujoma<\/a>\u00a0primer presidente democr\u00e1tico de Namibia.<\/p>\n<p>El 9 de febrero de 1990 se aprueba la nueva Constituci\u00f3n de Namibia elaborada por al Asamblea Constituyente. El 21 de marzo de ese mismo a\u00f1o la bandera sudafricana es arriada del Indepedence Stadium e izada la ense\u00f1a de Namibia.<\/p>\n<p>En 1991 el pa\u00eds entra a formar parte de la\u00a0<a title=\"Commonwealth\" href=\"https:\/\/es.wikipedia.org\/wiki\/Commonwealth\">Commonwealth<\/a>\u00a0y la reina\u00a0<a title=\"Isabel II del Reino Unido\" href=\"https:\/\/es.wikipedia.org\/wiki\/Isabel_II_del_Reino_Unido\">Isabel II del Reino Unido<\/a>\u00a0visita el pa\u00eds. As\u00ed mismo comienzan las negociaciones para recuperar\u00a0<a title=\"Walvis Bay\" href=\"https:\/\/es.wikipedia.org\/wiki\/Walvis_Bay\">Walvis Bay<\/a>\u00a0y las islas costeras. El 1 de marzo de 2004 la bah\u00eda reclamada le es devuelta, as\u00ed como las islas.<\/p>","protected":false},"excerpt":{"rendered":"<p>Sobre Primer Dia 1979 &#8211; UN independencia de Namibia Fs 1,10<\/p>\n<p>Dia de Emision : 5\/10\/1979<\/p>\n<p>Sobre Oficial de Ginebra : Official Geneva Cahet<\/p>\n<p>&nbsp;<\/p>","protected":false},"featured_media":2110,"comment_status":"open","ping_status":"closed","template":"","meta":{"_acf_changed":false},"product_brand":[],"product_cat":[19,901],"product_tag":[52,53,1012],"class_list":{"0":"post-132","1":"product","2":"type-product","3":"status-publish","4":"has-post-thumbnail","6":"product_cat-spd-sobres-primer-dia","7":"product_cat-united-nations","8":"product_tag-52","9":"product_tag-independencia","10":"product_tag-namibia","11":"thunk-woo-product-list","12":"opn-qv-enable","13":"open-woo-hover-zoom","14":"open-single-product-tab-horizontal","15":"open-shadow-","16":"open-shadow-hover-","18":"first","19":"instock","20":"sale","21":"shipping-taxable","22":"purchasable","23":"product-type-simple"},"acf":[],"jetpack_sharing_enabled":true,"_links":{"self":[{"href":"https:\/\/filatelia.cuentista.es\/en\/wp-json\/wp\/v2\/product\/132","targetHints":{"allow":["GET"]}}],"collection":[{"href":"https:\/\/filatelia.cuentista.es\/en\/wp-json\/wp\/v2\/product"}],"about":[{"href":"https:\/\/filatelia.cuentista.es\/en\/wp-json\/wp\/v2\/types\/product"}],"replies":[{"embeddable":true,"href":"https:\/\/filatelia.cuentista.es\/en\/wp-json\/wp\/v2\/comments?post=132"}],"wp:featuredmedia":[{"embeddable":true,"href":"https:\/\/filatelia.cuentista.es\/en\/wp-json\/wp\/v2\/media\/2110"}],"wp:attachment":[{"href":"https:\/\/filatelia.cuentista.es\/en\/wp-json\/wp\/v2\/media?parent=132"}],"wp:term":[{"taxonomy":"product_brand","embeddable":true,"href":"https:\/\/filatelia.cuentista.es\/en\/wp-json\/wp\/v2\/product_brand?post=132"},{"taxonomy":"product_cat","embeddable":true,"href":"https:\/\/filatelia.cuentista.es\/en\/wp-json\/wp\/v2\/product_cat?post=132"},{"taxonomy":"product_tag","embeddable":true,"href":"https:\/\/filatelia.cuentista.es\/en\/wp-json\/wp\/v2\/product_tag?post=132"}],"curies":[{"name":"wp","href":"https:\/\/api.w.org\/{rel}","templated":true}]}}