{"id":1314,"date":"2024-08-09T20:00:12","date_gmt":"2024-08-09T20:00:12","guid":{"rendered":"https:\/\/filatelia.cuentista.es\/product\/pliego-de-100-sellos-de-impuestos-italianos-10-liras-azul"},"modified":"2024-08-09T20:00:12","modified_gmt":"2024-08-09T20:00:12","slug":"pliego-de-100-sellos-de-impuestos-italianos-10-liras-azul","status":"publish","type":"product","link":"https:\/\/filatelia.cuentista.es\/en\/product\/pliego-de-100-sellos-de-impuestos-italianos-10-liras-azul","title":{"rendered":"Pliego de 100 Sellos de impuestos italianos 10 Liras azul."},"content":{"rendered":"<p>Pliego de 100 Sellos de impuestos italianos 10 Liras azul. Impecable con todos sus bordes y goma, marca de agua de estrellas verticales<\/p>\n<p>Pa\u00eds:<\/p>\n<p>Italia<\/p>\n<p>Serie:<\/p>\n<p>Postage Due &#8211; Numeral in Decorations<\/p>\n<p>C\u00f3digo de cat\u00e1logo:<\/p>\n<p>Michel IT P90<\/p>\n<p>Stamp Number IT J86<\/p>\n<p>Yvert et Tellier IT T81<\/p>\n<p>Stanley Gibbons IT D926<\/p>\n<p>Unificato IT S113\/I<\/p>\n<p>Sassone IT S113<\/p>\n<p>Variantes:<\/p>\n<p>Click para ver variantes<\/p>\n<p>Tiene variantes menores: 4<\/p>\n<p>Temas:<\/p>\n<p>N\u00fameros | Servicios Postales<\/p>\n<p>Fecha emisi\u00f3n:<\/p>\n<p>1957-02<\/p>\n<p>Tama\u00f1o:<\/p>\n<p>24 x 20 mm<\/p>\n<p>Colores:<\/p>\n<p>Azul<\/p>\n<p>Marca de agua:<\/p>\n<p>Estrella de Italia Tipo 1 M\u00faltiple [Up]<\/p>\n<p>Impresores\/Imprentas:<\/p>\n<p>IPS Off. Carte Valori (Officina Governativa Carte Valori)<\/p>\n<p>Formato:<\/p>\n<p>Sello<\/p>\n<p>Emisi\u00f3n:<\/p>\n<p>Portes Debidos<\/p>\n<p>Perforaci\u00f3n:<\/p>\n<p>Grada14\u00bc x 14<\/p>\n<p>Impresi\u00f3n:<\/p>\n<p>Fotograbado<\/p>\n<p>Papel:<\/p>\n<p>smooth paper<\/p>\n<p>Valor facial:<\/p>\n<p>10 \u20a4 &#8211; Lira Italiana<\/p>\n","protected":false},"excerpt":{"rendered":"<p>Pliego de 100 Sellos de impuestos italianos 10 Liras azul. Impecable con todos sus bordes y goma, marca de agua de estrellas verticales Pa\u00eds: Italia Serie: Postage Due &#8211; Numeral in Decorations C\u00f3digo de cat\u00e1logo: Michel IT P90 Stamp Number IT J86 Yvert et Tellier IT T81 Stanley Gibbons IT D926 Unificato IT S113\/I Sassone &hellip;<\/p>\n<p class=\"read-more\"> <a class=\"thunk-readmore button\" href=\"https:\/\/filatelia.cuentista.es\/en\/product\/pliego-de-100-sellos-de-impuestos-italianos-10-liras-azul\"> <span class=\"screen-reader-text\">Pliego de 100 Sellos de impuestos italianos 10 Liras azul.<\/span>Read More<\/a><\/p>","protected":false},"featured_media":1313,"comment_status":"open","ping_status":"closed","template":"","meta":{"_acf_changed":false},"product_brand":[],"product_cat":[664,662,660],"product_tag":[667,668,666,665,669],"class_list":{"0":"post-1314","1":"product","2":"type-product","3":"status-publish","4":"has-post-thumbnail","6":"product_cat-impuestos","7":"product_cat-italia","8":"product_cat-pliego","9":"product_tag-azul","10":"product_tag-diez-liras","11":"product_tag-impuestos","12":"product_tag-italia","13":"product_tag-numeral","14":"thunk-woo-product-list","15":"opn-qv-enable","16":"open-woo-hover-zoom","17":"open-single-product-tab-horizontal","18":"open-shadow-","19":"open-shadow-hover-","21":"first","22":"instock","23":"sale","24":"shipping-taxable","25":"purchasable","26":"product-type-simple"},"acf":[],"jetpack_sharing_enabled":true,"_links":{"self":[{"href":"https:\/\/filatelia.cuentista.es\/en\/wp-json\/wp\/v2\/product\/1314","targetHints":{"allow":["GET"]}}],"collection":[{"href":"https:\/\/filatelia.cuentista.es\/en\/wp-json\/wp\/v2\/product"}],"about":[{"href":"https:\/\/filatelia.cuentista.es\/en\/wp-json\/wp\/v2\/types\/product"}],"replies":[{"embeddable":true,"href":"https:\/\/filatelia.cuentista.es\/en\/wp-json\/wp\/v2\/comments?post=1314"}],"wp:featuredmedia":[{"embeddable":true,"href":"https:\/\/filatelia.cuentista.es\/en\/wp-json\/wp\/v2\/media\/1313"}],"wp:attachment":[{"href":"https:\/\/filatelia.cuentista.es\/en\/wp-json\/wp\/v2\/media?parent=1314"}],"wp:term":[{"taxonomy":"product_brand","embeddable":true,"href":"https:\/\/filatelia.cuentista.es\/en\/wp-json\/wp\/v2\/product_brand?post=1314"},{"taxonomy":"product_cat","embeddable":true,"href":"https:\/\/filatelia.cuentista.es\/en\/wp-json\/wp\/v2\/product_cat?post=1314"},{"taxonomy":"product_tag","embeddable":true,"href":"https:\/\/filatelia.cuentista.es\/en\/wp-json\/wp\/v2\/product_tag?post=1314"}],"curies":[{"name":"wp","href":"https:\/\/api.w.org\/{rel}","templated":true}]}}