{"id":1311,"date":"2024-08-09T19:43:32","date_gmt":"2024-08-09T19:43:32","guid":{"rendered":"https:\/\/filatelia.cuentista.es\/product\/hojita-souvenir-espana-82-mundial-de-futbol"},"modified":"2024-08-09T19:43:32","modified_gmt":"2024-08-09T19:43:32","slug":"hojita-souvenir-espana-82-mundial-de-futbol","status":"publish","type":"product","link":"https:\/\/filatelia.cuentista.es\/en\/product\/hojita-souvenir-espana-82-mundial-de-futbol","title":{"rendered":"Hojita Souvenir &#8211; Espa\u00f1a 82 Mundial de F\u00fatbol"},"content":{"rendered":"<p>Hojita souvenir del mundial de F\u00fatbol Espa\u00f1a 82 con 4 valores de 9, 14, 33 y 100 ptas<\/p>\n<p>Numeradas<\/p>\n<p>edifil 2661 a 2665<\/p>\n<p>Emisi\u00f3n 13 de Junio de 1982<\/p>","protected":false},"excerpt":{"rendered":"<p>Hojita souvenir del mundial de F\u00fatbol Espa\u00f1a 82 con 4 valores de 9, 14, 33 y 100 ptas Numeradas edifil 2661 a 2665 Emisi\u00f3n 13 de Junio de 1982<\/p>","protected":false},"featured_media":1310,"comment_status":"open","ping_status":"closed","template":"","meta":{"_acf_changed":false},"product_brand":[],"product_cat":[26],"product_tag":[101,155,241,236,455],"class_list":{"0":"post-1311","1":"product","2":"type-product","3":"status-publish","4":"has-post-thumbnail","6":"product_cat-hoja-souvenir","7":"product_tag-espana","8":"product_tag-futbol","9":"product_tag-hojita","10":"product_tag-hojita-souvenir","11":"product_tag-mundial-82","12":"thunk-woo-product-list","13":"opn-qv-enable","14":"open-woo-hover-zoom","15":"open-single-product-tab-horizontal","16":"open-shadow-","17":"open-shadow-hover-","19":"first","20":"instock","21":"sale","22":"shipping-taxable","23":"purchasable","24":"product-type-simple"},"acf":[],"jetpack_sharing_enabled":true,"_links":{"self":[{"href":"https:\/\/filatelia.cuentista.es\/en\/wp-json\/wp\/v2\/product\/1311","targetHints":{"allow":["GET"]}}],"collection":[{"href":"https:\/\/filatelia.cuentista.es\/en\/wp-json\/wp\/v2\/product"}],"about":[{"href":"https:\/\/filatelia.cuentista.es\/en\/wp-json\/wp\/v2\/types\/product"}],"replies":[{"embeddable":true,"href":"https:\/\/filatelia.cuentista.es\/en\/wp-json\/wp\/v2\/comments?post=1311"}],"wp:featuredmedia":[{"embeddable":true,"href":"https:\/\/filatelia.cuentista.es\/en\/wp-json\/wp\/v2\/media\/1310"}],"wp:attachment":[{"href":"https:\/\/filatelia.cuentista.es\/en\/wp-json\/wp\/v2\/media?parent=1311"}],"wp:term":[{"taxonomy":"product_brand","embeddable":true,"href":"https:\/\/filatelia.cuentista.es\/en\/wp-json\/wp\/v2\/product_brand?post=1311"},{"taxonomy":"product_cat","embeddable":true,"href":"https:\/\/filatelia.cuentista.es\/en\/wp-json\/wp\/v2\/product_cat?post=1311"},{"taxonomy":"product_tag","embeddable":true,"href":"https:\/\/filatelia.cuentista.es\/en\/wp-json\/wp\/v2\/product_tag?post=1311"}],"curies":[{"name":"wp","href":"https:\/\/api.w.org\/{rel}","templated":true}]}}