{"id":1307,"date":"2024-08-09T19:34:30","date_gmt":"2024-08-09T19:34:30","guid":{"rendered":"https:\/\/filatelia.cuentista.es\/product\/minipliego-dia-del-sello-1983-carro-del-correo"},"modified":"2024-08-09T19:34:30","modified_gmt":"2024-08-09T19:34:30","slug":"minipliego-dia-del-sello-1983-carro-del-correo","status":"publish","type":"product","link":"https:\/\/filatelia.cuentista.es\/en\/product\/minipliego-dia-del-sello-1983-carro-del-correo","title":{"rendered":"Minipliego Dia del Sello 1983 &#8211; Carro del Correo"},"content":{"rendered":"<p>Minipliego Dia del Sello 1983 &#8211; Carro del Correo Romano<\/p>\n<p>Pliego de 8 sellos de 16 ptas<\/p>\n<p>EDIFIL 2719<\/p>\n<p>Inter sellos de la exposici\u00f3n mundial de filatelia Espa\u00f1a 84 de Madri<span style=\"font-family: Poppins, sans-serif;font-size: 13px;font-style: normal;font-weight: 400;letter-spacing: normal;text-align: start;text-indent: 0px;text-transform: none;text-decoration: none;float: none\">d<\/span><\/p>\n<p><span style=\"font-family: Poppins, sans-serif;font-size: 13px;font-style: normal;font-weight: 400;letter-spacing: normal;text-align: start;text-indent: 0px;text-transform: none;text-decoration: none;float: none\">1983. 8 oct. D\u00eda del Sello.<\/span><span style=\"font-family: Poppins, sans-serif;font-size: 13px;font-style: normal;font-weight: 400;letter-spacing: normal;text-align: start;text-indent: 0px;text-transform: none;text-decoration: none;float: none\"><span class=\"Apple-converted-space\">&nbsp;<\/span><\/span><\/p>\n<p><span style=\"font-family: Poppins, sans-serif;font-size: 13px;font-style: normal;font-weight: 400;letter-spacing: normal;text-align: start;text-indent: 0px;text-transform: none;text-decoration: none;float: none\">O. M. de 6 de julio de 1983.<\/span><span style=\"font-family: Poppins, sans-serif;font-size: 13px;font-style: normal;font-weight: 400;letter-spacing: normal;text-align: start;text-indent: 0px;text-transform: none;text-decoration: none;float: none\"><span class=\"Apple-converted-space\">&nbsp;<\/span><\/span><br \/>\n<span style=\"font-family: Poppins, sans-serif;font-size: 13px;font-style: normal;font-weight: 400;letter-spacing: normal;text-align: start;text-indent: 0px;text-transform: none;text-decoration: none;float: none\">Motivo: Carro romano antiguo utilizado por los servicios de Correos, inspirado en un bajo relieve en piedra. Vi\u00f1eta con el logotipo de la Exposici\u00f3n Mundial de Filatelia ESPA\u00d1A\u00b484.<\/span><span style=\"font-family: Poppins, sans-serif;font-size: 13px;font-style: normal;font-weight: 400;letter-spacing: normal;text-align: start;text-indent: 0px;text-transform: none;text-decoration: none;float: none\"><span class=\"Apple-converted-space\">&nbsp;<\/span><\/span><br \/>\n<span style=\"font-family: Poppins, sans-serif;font-size: 13px;font-style: normal;font-weight: 400;letter-spacing: normal;text-align: start;text-indent: 0px;text-transform: none;text-decoration: none;float: none\">Impreso en calcograf\u00eda y offset.<\/span><span style=\"font-family: Poppins, sans-serif;font-size: 13px;font-style: normal;font-weight: 400;letter-spacing: normal;text-align: start;text-indent: 0px;text-transform: none;text-decoration: none;float: none\"><span class=\"Apple-converted-space\">&nbsp;<\/span><\/span><br \/>\n<span style=\"font-family: Poppins, sans-serif;font-size: 13px;font-style: normal;font-weight: 400;letter-spacing: normal;text-align: start;text-indent: 0px;text-transform: none;text-decoration: none;float: none\">Tama\u00f1o: 49,8 x 33,2 mm.<\/span><span style=\"font-family: Poppins, sans-serif;font-size: 13px;font-style: normal;font-weight: 400;letter-spacing: normal;text-align: start;text-indent: 0px;text-transform: none;text-decoration: none;float: none\"><span class=\"Apple-converted-space\">&nbsp;<\/span><\/span><br \/>\n<span style=\"font-family: Poppins, sans-serif;font-size: 13px;font-style: normal;font-weight: 400;letter-spacing: normal;text-align: start;text-indent: 0px;text-transform: none;text-decoration: none;float: none\">Pliegos de 8 sellos y 8 vi\u00f1etas.<\/span><span style=\"font-family: Poppins, sans-serif;font-size: 13px;font-style: normal;font-weight: 400;letter-spacing: normal;text-align: start;text-indent: 0px;text-transform: none;text-decoration: none;float: none\"><span class=\"Apple-converted-space\">&nbsp;<\/span><\/span><br \/>\n<span style=\"font-family: Poppins, sans-serif;font-size: 13px;font-style: normal;font-weight: 400;letter-spacing: normal;text-align: start;text-indent: 0px;text-transform: none;text-decoration: none;float: none\">Dentado 12 3\/4.<\/span><span style=\"font-family: Poppins, sans-serif;font-size: 13px;font-style: normal;font-weight: 400;letter-spacing: normal;text-align: start;text-indent: 0px;text-transform: none;text-decoration: none;float: none\"><span class=\"Apple-converted-space\">&nbsp;<\/span><\/span><br \/>\n<span style=\"font-family: Poppins, sans-serif;font-size: 13px;font-style: normal;font-weight: 400;letter-spacing: normal;text-align: start;text-indent: 0px;text-transform: none;text-decoration: none;float: none\">Tirada: 12.000.000.<\/span><\/p>","protected":false},"excerpt":{"rendered":"<p>Minipliego Dia del Sello 1983 &#8211; Carro del Correo Romano Pliego de 8 sellos de 16 ptas EDIFIL 2719 Inter sellos de la exposici\u00f3n mundial de filatelia Espa\u00f1a 84 de Madrid 1983. 8 oct. D\u00eda del Sello.&nbsp; O. M. de 6 de julio de 1983.&nbsp; Motivo: Carro romano antiguo utilizado por los servicios de Correos, &hellip;<\/p>\n<p class=\"read-more\"> <a class=\"thunk-readmore button\" href=\"https:\/\/filatelia.cuentista.es\/en\/product\/minipliego-dia-del-sello-1983-carro-del-correo\"> <span class=\"screen-reader-text\">Minipliego Dia del Sello 1983 &#8211; Carro del Correo<\/span>Read More<\/a><\/p>","protected":false},"featured_media":1305,"comment_status":"open","ping_status":"closed","template":"","meta":{"_acf_changed":false},"product_brand":[],"product_cat":[658],"product_tag":[144,656,622,101,657],"class_list":{"0":"post-1307","1":"product","2":"type-product","3":"status-publish","4":"has-post-thumbnail","6":"product_cat-minipliego","7":"product_tag-144","8":"product_tag-carro","9":"product_tag-dia-del-sello","10":"product_tag-espana","11":"product_tag-minipliego","12":"thunk-woo-product-list","13":"opn-qv-enable","14":"open-woo-hover-zoom","15":"open-single-product-tab-horizontal","16":"open-shadow-","17":"open-shadow-hover-","19":"first","20":"instock","21":"sale","22":"shipping-taxable","23":"purchasable","24":"product-type-simple"},"acf":[],"jetpack_sharing_enabled":true,"_links":{"self":[{"href":"https:\/\/filatelia.cuentista.es\/en\/wp-json\/wp\/v2\/product\/1307","targetHints":{"allow":["GET"]}}],"collection":[{"href":"https:\/\/filatelia.cuentista.es\/en\/wp-json\/wp\/v2\/product"}],"about":[{"href":"https:\/\/filatelia.cuentista.es\/en\/wp-json\/wp\/v2\/types\/product"}],"replies":[{"embeddable":true,"href":"https:\/\/filatelia.cuentista.es\/en\/wp-json\/wp\/v2\/comments?post=1307"}],"wp:featuredmedia":[{"embeddable":true,"href":"https:\/\/filatelia.cuentista.es\/en\/wp-json\/wp\/v2\/media\/1305"}],"wp:attachment":[{"href":"https:\/\/filatelia.cuentista.es\/en\/wp-json\/wp\/v2\/media?parent=1307"}],"wp:term":[{"taxonomy":"product_brand","embeddable":true,"href":"https:\/\/filatelia.cuentista.es\/en\/wp-json\/wp\/v2\/product_brand?post=1307"},{"taxonomy":"product_cat","embeddable":true,"href":"https:\/\/filatelia.cuentista.es\/en\/wp-json\/wp\/v2\/product_cat?post=1307"},{"taxonomy":"product_tag","embeddable":true,"href":"https:\/\/filatelia.cuentista.es\/en\/wp-json\/wp\/v2\/product_tag?post=1307"}],"curies":[{"name":"wp","href":"https:\/\/api.w.org\/{rel}","templated":true}]}}