{"id":123,"date":"2024-07-20T06:36:37","date_gmt":"2024-07-20T06:36:37","guid":{"rendered":"https:\/\/filatelia.cuentista.es\/product\/un-combattons-le-racisme-fs-1-10"},"modified":"2024-08-31T10:49:10","modified_gmt":"2024-08-31T10:49:10","slug":"un-combattons-le-racisme-fs-1-10","status":"publish","type":"product","link":"https:\/\/filatelia.cuentista.es\/en\/product\/un-combattons-le-racisme-fs-1-10","title":{"rendered":"Sobre Primer D\u00eda 1977 &#8211; UN Combattons le racisme Fs 1.10"},"content":{"rendered":"<p>Sobre Primer D\u00eda 1977 &#8211; UN Combattons le racisme Fs 1.10<\/p>\n<p>Emision de 19\/9\/77<\/p>\n<p>Official Geneva Cachet<\/p>\n<p>En 1965, la comunidad internacional\u00a0<a href=\"https:\/\/www.ohchr.org\/SP\/ProfessionalInterest\/Pages\/CERD.aspx\">aprob\u00f3 una convenci\u00f3n<\/a>\u00a0en virtud de la cual se compromet\u00eda a eliminar todas las formas de discriminaci\u00f3n racial. La Convenci\u00f3n se aproxima a la ratificaci\u00f3n universal. Sin embargo, en todo el mundo son muchas las personas que a\u00fan sufren la injusticia y el estigma que trae consigo el racismo.<\/p>\n<p><a href=\"https:\/\/www.un.org\/es\/fight-racism\">https:\/\/www.un.org\/es\/fight-racism<\/a><\/p>\n<p>&nbsp;<\/p>\n<p>&nbsp;<\/p>","protected":false},"excerpt":{"rendered":"<p>Sobre Primer D\u00eda 1977 &#8211; UN Combattons le racisme Fs 1.10<\/p>\n<p>Emision de 19\/9\/77<\/p>","protected":false},"featured_media":2090,"comment_status":"open","ping_status":"closed","template":"","meta":{"_acf_changed":false},"product_brand":[],"product_cat":[19,901],"product_tag":[33,996,994,995,32,993,49],"class_list":{"0":"post-123","1":"product","2":"type-product","3":"status-publish","4":"has-post-thumbnail","6":"product_cat-spd-sobres-primer-dia","7":"product_cat-united-nations","8":"product_tag-33","9":"product_tag-antiracismo","10":"product_tag-fight","11":"product_tag-luch","12":"product_tag-naciones-unidas","13":"product_tag-racism","14":"product_tag-racismo","15":"thunk-woo-product-list","16":"opn-qv-enable","17":"open-woo-hover-zoom","18":"open-single-product-tab-horizontal","19":"open-shadow-","20":"open-shadow-hover-","22":"first","23":"instock","24":"sale","25":"shipping-taxable","26":"purchasable","27":"product-type-simple"},"acf":[],"jetpack_sharing_enabled":true,"_links":{"self":[{"href":"https:\/\/filatelia.cuentista.es\/en\/wp-json\/wp\/v2\/product\/123","targetHints":{"allow":["GET"]}}],"collection":[{"href":"https:\/\/filatelia.cuentista.es\/en\/wp-json\/wp\/v2\/product"}],"about":[{"href":"https:\/\/filatelia.cuentista.es\/en\/wp-json\/wp\/v2\/types\/product"}],"replies":[{"embeddable":true,"href":"https:\/\/filatelia.cuentista.es\/en\/wp-json\/wp\/v2\/comments?post=123"}],"wp:featuredmedia":[{"embeddable":true,"href":"https:\/\/filatelia.cuentista.es\/en\/wp-json\/wp\/v2\/media\/2090"}],"wp:attachment":[{"href":"https:\/\/filatelia.cuentista.es\/en\/wp-json\/wp\/v2\/media?parent=123"}],"wp:term":[{"taxonomy":"product_brand","embeddable":true,"href":"https:\/\/filatelia.cuentista.es\/en\/wp-json\/wp\/v2\/product_brand?post=123"},{"taxonomy":"product_cat","embeddable":true,"href":"https:\/\/filatelia.cuentista.es\/en\/wp-json\/wp\/v2\/product_cat?post=123"},{"taxonomy":"product_tag","embeddable":true,"href":"https:\/\/filatelia.cuentista.es\/en\/wp-json\/wp\/v2\/product_tag?post=123"}],"curies":[{"name":"wp","href":"https:\/\/api.w.org\/{rel}","templated":true}]}}