{"id":120,"date":"2024-07-20T06:36:35","date_gmt":"2024-07-20T06:36:35","guid":{"rendered":"https:\/\/filatelia.cuentista.es\/product\/un-paceful-uses-of-atomic-energy-fs-08"},"modified":"2024-08-31T10:40:39","modified_gmt":"2024-08-31T10:40:39","slug":"un-paceful-uses-of-atomic-energy-fs-08","status":"publish","type":"product","link":"https:\/\/filatelia.cuentista.es\/en\/product\/un-paceful-uses-of-atomic-energy-fs-08","title":{"rendered":"Sobre Primer D\u00eda 1977 &#8211; UN Paceful uses of atomic energy &#8211; fs 0,8"},"content":{"rendered":"<p>Sobre Primer D\u00eda 1977 &#8211; UN Paceful uses of atomic energy &#8211; fs 0,8<\/p>\n<p>Emision del 18\/11\/1977<\/p>\n<p>Sobre : Geneva Cachet<\/p>\n<p>La ONU y la era nuclear nacieron casi simult\u00e1neamente. Los horrores de la Segunda Guerra Mundial culminaron en las explosiones at\u00f3micas de Hiroshima y Nagasaki, lo que puso de relieve la necesidad de abordar el problema nuclear. Ya en su\u00a0<span class=\"pdf-link\"><a href=\"https:\/\/daccess-ods.un.org\/access.nsf\/Get?OpenAgent&amp;DS=A\/RES\/1(I)&amp;Lang=S\">primera resoluci\u00f3n<\/a>\u00a0<\/span>, la Asamblea General estableci\u00f3 la Comisi\u00f3n de Energ\u00eda At\u00f3mica de las Naciones Unidas con el objetivo de tratar los problemas surgidos a ra\u00edz del descubrimiento de la energ\u00eda nuclear. El\u00a0<span class=\"english-link\"><a href=\"https:\/\/www.iaea.org\/about\/history\/atoms-for-peace-speech\">emblem\u00e1tico discurso \u00ab\u00c1tomos para la Paz\u00bb<\/a><\/span>, pronunciado por el Presidente de los Estados Unidos Dwight D. Eisenhower en 1953, condujo a la creaci\u00f3n del\u00a0<a href=\"https:\/\/www.iaea.org\/es\">Organismo Internacional de Energ\u00eda At\u00f3mica (OIEA)<\/a>\u00a0en 1957.<\/p>","protected":false},"excerpt":{"rendered":"<p>Sobre Primer D\u00eda 1977 &#8211; UN Paceful uses of atomic energy &#8211; fs 0,8<\/p>\n<p>Emision del 18\/11\/1977<\/p>","protected":false},"featured_media":2086,"comment_status":"open","ping_status":"closed","template":"","meta":{"_acf_changed":false},"product_brand":[],"product_cat":[19,901],"product_tag":[33,988,989,47,190,32,189],"class_list":{"0":"post-120","1":"product","2":"type-product","3":"status-publish","4":"has-post-thumbnail","6":"product_cat-spd-sobres-primer-dia","7":"product_cat-united-nations","8":"product_tag-33","9":"product_tag-atomica","10":"product_tag-atomo","11":"product_tag-energia","12":"product_tag-fdc","13":"product_tag-naciones-unidas","14":"product_tag-spd","15":"thunk-woo-product-list","16":"opn-qv-enable","17":"open-woo-hover-zoom","18":"open-single-product-tab-horizontal","19":"open-shadow-","20":"open-shadow-hover-","22":"first","23":"instock","24":"sale","25":"shipping-taxable","26":"purchasable","27":"product-type-simple"},"acf":[],"jetpack_sharing_enabled":true,"_links":{"self":[{"href":"https:\/\/filatelia.cuentista.es\/en\/wp-json\/wp\/v2\/product\/120","targetHints":{"allow":["GET"]}}],"collection":[{"href":"https:\/\/filatelia.cuentista.es\/en\/wp-json\/wp\/v2\/product"}],"about":[{"href":"https:\/\/filatelia.cuentista.es\/en\/wp-json\/wp\/v2\/types\/product"}],"replies":[{"embeddable":true,"href":"https:\/\/filatelia.cuentista.es\/en\/wp-json\/wp\/v2\/comments?post=120"}],"wp:featuredmedia":[{"embeddable":true,"href":"https:\/\/filatelia.cuentista.es\/en\/wp-json\/wp\/v2\/media\/2086"}],"wp:attachment":[{"href":"https:\/\/filatelia.cuentista.es\/en\/wp-json\/wp\/v2\/media?parent=120"}],"wp:term":[{"taxonomy":"product_brand","embeddable":true,"href":"https:\/\/filatelia.cuentista.es\/en\/wp-json\/wp\/v2\/product_brand?post=120"},{"taxonomy":"product_cat","embeddable":true,"href":"https:\/\/filatelia.cuentista.es\/en\/wp-json\/wp\/v2\/product_cat?post=120"},{"taxonomy":"product_tag","embeddable":true,"href":"https:\/\/filatelia.cuentista.es\/en\/wp-json\/wp\/v2\/product_tag?post=120"}],"curies":[{"name":"wp","href":"https:\/\/api.w.org\/{rel}","templated":true}]}}