{"id":105,"date":"2024-07-20T06:36:29","date_gmt":"2024-07-20T06:36:29","guid":{"rendered":"https:\/\/filatelia.cuentista.es\/product\/un-fresko-1981-kunstserie-fs-080"},"modified":"2024-08-29T07:06:11","modified_gmt":"2024-08-29T07:06:11","slug":"un-fresko-1981-kunstserie-fs-080","status":"publish","type":"product","link":"https:\/\/filatelia.cuentista.es\/en\/product\/un-fresko-1981-kunstserie-fs-080","title":{"rendered":"Sobre Primer Dia &#8211; UN Fresko 1981 Kunstserie Fs 0,80 &#8211; 1981"},"content":{"rendered":"<p>Sobre Primer Dia &#8211; UN Fresko 1981 Kunstserie Fs 0,80 &#8211; 1981<\/p>\n<p>Imagen de Fresco en la Iglesia Boyana de Bulgaria<\/p>\n<p>La\u00a0<b>iglesia de Boyana<\/b>\u00a0es una iglesia\u00a0<a title=\"Iglesia ortodoxa b\u00falgara\" href=\"https:\/\/es.wikipedia.org\/wiki\/Iglesia_ortodoxa_b%C3%BAlgara\">ortodoxa b\u00falgara<\/a>\u00a0medieval situada en las afueras de\u00a0<a title=\"Sof\u00eda\" href=\"https:\/\/es.wikipedia.org\/wiki\/Sof%C3%ADa\">Sof\u00eda<\/a>\u00a0(<a title=\"Bulgaria\" href=\"https:\/\/es.wikipedia.org\/wiki\/Bulgaria\">Bulgaria<\/a>), en el barrio de\u00a0<a class=\"new\" title=\"Boyana (a\u00fan no redactado)\" href=\"https:\/\/es.wikipedia.org\/w\/index.php?title=Boyana&amp;action=edit&amp;redlink=1\">Boyana<\/a>, al pie del macizo de\u00a0<a title=\"Vitosha\" href=\"https:\/\/es.wikipedia.org\/wiki\/Vitosha\">Vitosha<\/a>. El monumento fue declarado\u00a0<a title=\"Patrimonio de la Humanidad\" href=\"https:\/\/es.wikipedia.org\/wiki\/Patrimonio_de_la_Humanidad\">Patrimonio de la Humanidad<\/a>\u00a0por la\u00a0<a title=\"Unesco\" href=\"https:\/\/es.wikipedia.org\/wiki\/Unesco\">Unesco<\/a>\u00a0en 1979.<sup id=\"cite_ref-1\" class=\"reference separada\"><a href=\"https:\/\/es.wikipedia.org\/wiki\/Iglesia_de_Boyana#cite_note-1\">1<\/a><\/sup>\u200b<\/p>\n<p>El edificio, de dos pisos, est\u00e1 formado por tres alas. El ala este fue construida a finales del siglo\u00a0x\u00a0o principios del siglo\u00a0xi. En el siglo\u00a0xiii, durante el\u00a0<a title=\"Segundo Imperio b\u00falgaro\" href=\"https:\/\/es.wikipedia.org\/wiki\/Segundo_Imperio_b%C3%BAlgaro\">Segundo Imperio b\u00falgaro<\/a>, se a\u00f1adi\u00f3 el ala central. La iglesia se complet\u00f3 con el ala oeste a mediados del siglo\u00a0xix. Un total de 89 escenas con 240 im\u00e1genes humanas est\u00e1n pintadas en la pared de la iglesia.<\/p>\n<p>&nbsp;<\/p>\n<p>The\u00a0<b>Boyana Church<\/b>\u00a0(<a title=\"Bulgarian language\" href=\"https:\/\/en.wikipedia.org\/wiki\/Bulgarian_language\">Bulgarian<\/a>:\u00a0<span lang=\"bg\">\u0411\u043e\u044f\u043d\u0441\u043a\u0430 \u0446\u044a\u0440\u043a\u0432\u0430<\/span>,\u00a0<i>Boyanska ts\u0103rkva<\/i>) is a\u00a0<a title=\"Middle Ages\" href=\"https:\/\/en.wikipedia.org\/wiki\/Middle_Ages\">medieval<\/a>\u00a0<a title=\"Bulgarian Orthodox Church\" href=\"https:\/\/en.wikipedia.org\/wiki\/Bulgarian_Orthodox_Church\">Bulgarian Orthodox<\/a>\u00a0church situated on the outskirts of\u00a0<a title=\"Sofia\" href=\"https:\/\/en.wikipedia.org\/wiki\/Sofia\">Sofia<\/a>, the capital of\u00a0<a title=\"Bulgaria\" href=\"https:\/\/en.wikipedia.org\/wiki\/Bulgaria\">Bulgaria<\/a>, in the\u00a0<a title=\"Boyana\" href=\"https:\/\/en.wikipedia.org\/wiki\/Boyana\">Boyana<\/a>\u00a0quarter. In 1979, the building was added to the\u00a0<a title=\"UNESCO\" href=\"https:\/\/en.wikipedia.org\/wiki\/UNESCO\">UNESCO<\/a>\u00a0<a class=\"mw-redirect\" title=\"World Heritage List\" href=\"https:\/\/en.wikipedia.org\/wiki\/World_Heritage_List\">World Heritage List<\/a>.<\/p>\n<p>The east wing of the two-story church was originally constructed in the late 10th or early 11th century, then the central wing was added in the 13th century under the\u00a0<a title=\"Second Bulgarian Empire\" href=\"https:\/\/en.wikipedia.org\/wiki\/Second_Bulgarian_Empire\">Second Bulgarian Empire<\/a>, the whole building being finished with a further expansion to the west in the middle of the 19th century. A total of 89 scenes with 240 human images are depicted on the walls of the church.<\/p>","protected":false},"excerpt":{"rendered":"<p>Sobre Primer Dia &#8211; UN Fresko 1981 Kunstserie Fs 0,80 &#8211; 1981<\/p>\n<p>Imagen de Fresco en la Iglesia Boyana de Bulgaria<\/p>","protected":false},"featured_media":1929,"comment_status":"open","ping_status":"closed","template":"","meta":{"_acf_changed":false},"product_brand":[],"product_cat":[19,901],"product_tag":[34,913,190,912,153,914,189],"class_list":{"0":"post-105","1":"product","2":"type-product","3":"status-publish","4":"has-post-thumbnail","6":"product_cat-spd-sobres-primer-dia","7":"product_cat-united-nations","8":"product_tag-34","9":"product_tag-bulgaria","10":"product_tag-fdc","11":"product_tag-fresco","12":"product_tag-iglesia","13":"product_tag-onu","14":"product_tag-spd","15":"thunk-woo-product-list","16":"opn-qv-enable","17":"open-woo-hover-zoom","18":"open-single-product-tab-horizontal","19":"open-shadow-","20":"open-shadow-hover-","22":"first","23":"instock","24":"sale","25":"shipping-taxable","26":"purchasable","27":"product-type-simple"},"acf":[],"jetpack_sharing_enabled":true,"_links":{"self":[{"href":"https:\/\/filatelia.cuentista.es\/en\/wp-json\/wp\/v2\/product\/105","targetHints":{"allow":["GET"]}}],"collection":[{"href":"https:\/\/filatelia.cuentista.es\/en\/wp-json\/wp\/v2\/product"}],"about":[{"href":"https:\/\/filatelia.cuentista.es\/en\/wp-json\/wp\/v2\/types\/product"}],"replies":[{"embeddable":true,"href":"https:\/\/filatelia.cuentista.es\/en\/wp-json\/wp\/v2\/comments?post=105"}],"wp:featuredmedia":[{"embeddable":true,"href":"https:\/\/filatelia.cuentista.es\/en\/wp-json\/wp\/v2\/media\/1929"}],"wp:attachment":[{"href":"https:\/\/filatelia.cuentista.es\/en\/wp-json\/wp\/v2\/media?parent=105"}],"wp:term":[{"taxonomy":"product_brand","embeddable":true,"href":"https:\/\/filatelia.cuentista.es\/en\/wp-json\/wp\/v2\/product_brand?post=105"},{"taxonomy":"product_cat","embeddable":true,"href":"https:\/\/filatelia.cuentista.es\/en\/wp-json\/wp\/v2\/product_cat?post=105"},{"taxonomy":"product_tag","embeddable":true,"href":"https:\/\/filatelia.cuentista.es\/en\/wp-json\/wp\/v2\/product_tag?post=105"}],"curies":[{"name":"wp","href":"https:\/\/api.w.org\/{rel}","templated":true}]}}