{"id":1025,"date":"2024-08-03T09:35:33","date_gmt":"2024-08-03T09:35:33","guid":{"rendered":"https:\/\/filatelia.cuentista.es\/?post_type=product&#038;p=1025"},"modified":"2024-08-03T10:02:33","modified_gmt":"2024-08-03T10:02:33","slug":"revista-timbres-vous-harry-potter","status":"publish","type":"product","link":"https:\/\/filatelia.cuentista.es\/en\/product\/revista-timbres-vous-harry-potter","title":{"rendered":"Revista Timbres &amp; Vous #24"},"content":{"rendered":"<p>Revista francesa editada por la Poste n\u00famero 24<\/p>\n<p>Tiene 12 p\u00e1ginas con informaci\u00f3n de los sellos emitidos en cada mes.<\/p>\n<p>marzo 2007<\/p>","protected":false},"excerpt":{"rendered":"<p>Revista francesa editada por la Poste n\u00famero 24 Tiene 12 p\u00e1ginas con informaci\u00f3n de los sellos emitidos en cada mes. marzo 2007<\/p>","protected":false},"featured_media":1028,"comment_status":"open","ping_status":"closed","template":"","meta":{"_acf_changed":false},"product_brand":[],"product_cat":[27],"product_tag":[355,361,356,353,354],"class_list":{"0":"post-1025","1":"product","2":"type-product","3":"status-publish","4":"has-post-thumbnail","6":"product_cat-revista","7":"product_tag-francia","8":"product_tag-harry-potter","9":"product_tag-la-poste","10":"product_tag-revista","11":"product_tag-timbre","12":"thunk-woo-product-list","13":"opn-qv-enable","14":"open-woo-hover-zoom","15":"open-single-product-tab-horizontal","16":"open-shadow-","17":"open-shadow-hover-","19":"first","20":"instock","21":"sale","22":"shipping-taxable","23":"purchasable","24":"product-type-simple"},"acf":[],"jetpack_sharing_enabled":true,"_links":{"self":[{"href":"https:\/\/filatelia.cuentista.es\/en\/wp-json\/wp\/v2\/product\/1025","targetHints":{"allow":["GET"]}}],"collection":[{"href":"https:\/\/filatelia.cuentista.es\/en\/wp-json\/wp\/v2\/product"}],"about":[{"href":"https:\/\/filatelia.cuentista.es\/en\/wp-json\/wp\/v2\/types\/product"}],"replies":[{"embeddable":true,"href":"https:\/\/filatelia.cuentista.es\/en\/wp-json\/wp\/v2\/comments?post=1025"}],"wp:featuredmedia":[{"embeddable":true,"href":"https:\/\/filatelia.cuentista.es\/en\/wp-json\/wp\/v2\/media\/1028"}],"wp:attachment":[{"href":"https:\/\/filatelia.cuentista.es\/en\/wp-json\/wp\/v2\/media?parent=1025"}],"wp:term":[{"taxonomy":"product_brand","embeddable":true,"href":"https:\/\/filatelia.cuentista.es\/en\/wp-json\/wp\/v2\/product_brand?post=1025"},{"taxonomy":"product_cat","embeddable":true,"href":"https:\/\/filatelia.cuentista.es\/en\/wp-json\/wp\/v2\/product_cat?post=1025"},{"taxonomy":"product_tag","embeddable":true,"href":"https:\/\/filatelia.cuentista.es\/en\/wp-json\/wp\/v2\/product_tag?post=1025"}],"curies":[{"name":"wp","href":"https:\/\/api.w.org\/{rel}","templated":true}]}}