{"id":102,"date":"2024-07-20T06:36:28","date_gmt":"2024-07-20T06:36:28","guid":{"rendered":"https:\/\/filatelia.cuentista.es\/product\/un-safety-in-the-air-25c"},"modified":"2024-08-29T06:51:22","modified_gmt":"2024-08-29T06:51:22","slug":"un-safety-in-the-air-25c","status":"publish","type":"product","link":"https:\/\/filatelia.cuentista.es\/en\/product\/un-safety-in-the-air-25c","title":{"rendered":"Sobre Primer D\u00eda &#8211; Safety in the air 25c &#8211; 1978"},"content":{"rendered":"<p>Sobre Primer D\u00eda &#8211; Safety in the air 25c &#8211; 1978<\/p>\n<p>Emision 12-06-1978<\/p>\n<p>La\u00a0<b>Organizaci\u00f3n de Aviaci\u00f3n Civil Internacional<\/b>\u00a0(<b>OACI<\/b>) es una agencia especializada de la\u00a0<a title=\"Organizaci\u00f3n de las Naciones Unidas\" href=\"https:\/\/es.wikipedia.org\/wiki\/Organizaci%C3%B3n_de_las_Naciones_Unidas\">Organizaci\u00f3n de las Naciones Unidas<\/a>\u00a0creada en 1944 por el\u00a0<a title=\"Convenio sobre Aviaci\u00f3n Civil Internacional\" href=\"https:\/\/es.wikipedia.org\/wiki\/Convenio_sobre_Aviaci%C3%B3n_Civil_Internacional\">Convenio sobre Aviaci\u00f3n Civil Internacional<\/a>\u00a0para estudiar los problemas de la aviaci\u00f3n civil internacional y promover los reglamentos y normas \u00fanicos en la aeron\u00e1utica mundial. La dirige un consejo permanente con sede en\u00a0<a title=\"Montreal\" href=\"https:\/\/es.wikipedia.org\/wiki\/Montreal\">Montreal<\/a>,\u00a0<a title=\"Canad\u00e1\" href=\"https:\/\/es.wikipedia.org\/wiki\/Canad%C3%A1\">Canad\u00e1<\/a>.<\/p>\n<p class=\"p1\">Edici\u00f3n de Ginebra con cancelaci\u00f3n especial para la serie<\/p>\n<p class=\"p1\"><b>Los sobres de primer d\u00eda son objetos de colecci\u00f3n muy valorados por los filat\u00e9licos.<\/b> Estos sobres especiales se utilizan para enviar una carta el mismo d\u00eda en que se emite un nuevo sello postal. Al ser los primeros en utilizar ese sello en particular, adquieren un valor a\u00f1adido para los coleccionistas. Los sobres de primer d\u00eda suelen incluir un matasellos con la fecha de emisi\u00f3n y el nombre de la oficina de correos donde se expidi\u00f3 el sello, lo que los convierte en piezas \u00fanicas y aut\u00e9nticas. Adem\u00e1s de su valor filat\u00e9lico, estos sobres a menudo presentan dise\u00f1os atractivos y conmemorativos, relacionados con el tema del sello emitido, lo que los convierte en peque\u00f1os tesoros para los amantes de la historia y el arte postal.<\/p>","protected":false},"excerpt":{"rendered":"<p>Sobre Primer D\u00eda &#8211; Safety in the air 25c &#8211; 1978<\/p>\n<p>Emision 12-06-1978<\/p>","protected":false},"featured_media":1926,"comment_status":"open","ping_status":"closed","template":"","meta":{"_acf_changed":false},"product_brand":[],"product_cat":[19,901],"product_tag":[33,909,519,908,42],"class_list":{"0":"post-102","1":"product","2":"type-product","3":"status-publish","4":"has-post-thumbnail","6":"product_cat-spd-sobres-primer-dia","7":"product_cat-united-nations","8":"product_tag-33","9":"product_tag-aerea","10":"product_tag-aeronautica","11":"product_tag-icao","12":"product_tag-seguridad","13":"thunk-woo-product-list","14":"opn-qv-enable","15":"open-woo-hover-zoom","16":"open-single-product-tab-horizontal","17":"open-shadow-","18":"open-shadow-hover-","20":"first","21":"instock","22":"sale","23":"shipping-taxable","24":"purchasable","25":"product-type-simple"},"acf":[],"jetpack_sharing_enabled":true,"_links":{"self":[{"href":"https:\/\/filatelia.cuentista.es\/en\/wp-json\/wp\/v2\/product\/102","targetHints":{"allow":["GET"]}}],"collection":[{"href":"https:\/\/filatelia.cuentista.es\/en\/wp-json\/wp\/v2\/product"}],"about":[{"href":"https:\/\/filatelia.cuentista.es\/en\/wp-json\/wp\/v2\/types\/product"}],"replies":[{"embeddable":true,"href":"https:\/\/filatelia.cuentista.es\/en\/wp-json\/wp\/v2\/comments?post=102"}],"wp:featuredmedia":[{"embeddable":true,"href":"https:\/\/filatelia.cuentista.es\/en\/wp-json\/wp\/v2\/media\/1926"}],"wp:attachment":[{"href":"https:\/\/filatelia.cuentista.es\/en\/wp-json\/wp\/v2\/media?parent=102"}],"wp:term":[{"taxonomy":"product_brand","embeddable":true,"href":"https:\/\/filatelia.cuentista.es\/en\/wp-json\/wp\/v2\/product_brand?post=102"},{"taxonomy":"product_cat","embeddable":true,"href":"https:\/\/filatelia.cuentista.es\/en\/wp-json\/wp\/v2\/product_cat?post=102"},{"taxonomy":"product_tag","embeddable":true,"href":"https:\/\/filatelia.cuentista.es\/en\/wp-json\/wp\/v2\/product_tag?post=102"}],"curies":[{"name":"wp","href":"https:\/\/api.w.org\/{rel}","templated":true}]}}